{"id":945,"date":"2024-07-29T14:28:39","date_gmt":"2024-07-29T12:28:39","guid":{"rendered":"https:\/\/expoanimo.fr\/?page_id=945"},"modified":"2025-11-07T09:30:27","modified_gmt":"2025-11-07T08:30:27","slug":"les-reptiliarras-2-et-3-novembre-2024-a-arras","status":"publish","type":"page","link":"https:\/\/expoanimo.fr\/?page_id=945","title":{"rendered":"Les Reptiliarras \u2013 Arras, nord-pas-de-calais"},"content":{"rendered":"\t\t<div data-elementor-type=\"wp-page\" data-elementor-id=\"945\" class=\"elementor elementor-945\">\n\t\t\t\t<div class=\"elementor-element elementor-element-1e389a4 e-flex e-con-boxed e-con e-parent\" data-id=\"1e389a4\" data-element_type=\"container\" data-e-type=\"container\">\n\t\t\t\t\t<div class=\"e-con-inner\">\n\t\t\t\t<div class=\"elementor-element elementor-element-7a03146 elementor-widget elementor-widget-text-editor\" data-id=\"7a03146\" data-element_type=\"widget\" data-e-type=\"widget\" data-widget_type=\"text-editor.default\">\n\t\t\t\t<div class=\"elementor-widget-container\">\n\t\t\t\t\t\t\t\t\t<h2 style=\"text-align: center;\">Les Reptiliarras &#8211; Arras, nord-pas-de-calais<\/h2>\t\t\t\t\t\t\t\t<\/div>\n\t\t\t\t<\/div>\n\t\t\t\t\t<\/div>\n\t\t\t\t<\/div>\n\t\t<div class=\"elementor-element elementor-element-c74752d e-flex e-con-boxed e-con e-parent\" data-id=\"c74752d\" data-element_type=\"container\" data-e-type=\"container\">\n\t\t\t\t\t<div class=\"e-con-inner\">\n\t\t\t\t<div class=\"elementor-element elementor-element-156c1d3 elementor-widget elementor-widget-image\" data-id=\"156c1d3\" data-element_type=\"widget\" data-e-type=\"widget\" data-widget_type=\"image.default\">\n\t\t\t\t<div class=\"elementor-widget-container\">\n\t\t\t\t\t\t\t\t\t\t\t\t\t\t\t<img fetchpriority=\"high\" decoding=\"async\" width=\"768\" height=\"1024\" src=\"https:\/\/expoanimo.fr\/wp-content\/uploads\/2025\/04\/IMG_5770-768x1024.jpeg\" class=\"attachment-large size-large wp-image-1143\" alt=\"\" srcset=\"https:\/\/expoanimo.fr\/wp-content\/uploads\/2025\/04\/IMG_5770-768x1024.jpeg 768w, https:\/\/expoanimo.fr\/wp-content\/uploads\/2025\/04\/IMG_5770-225x300.jpeg 225w, https:\/\/expoanimo.fr\/wp-content\/uploads\/2025\/04\/IMG_5770-1152x1536.jpeg 1152w, https:\/\/expoanimo.fr\/wp-content\/uploads\/2025\/04\/IMG_5770-1536x2048.jpeg 1536w, https:\/\/expoanimo.fr\/wp-content\/uploads\/2025\/04\/IMG_5770-1320x1760.jpeg 1320w, https:\/\/expoanimo.fr\/wp-content\/uploads\/2025\/04\/IMG_5770-scaled.jpeg 1920w\" sizes=\"(max-width: 768px) 100vw, 768px\" \/>\t\t\t\t\t\t\t\t\t\t\t\t\t\t\t<\/div>\n\t\t\t\t<\/div>\n\t\t<div class=\"elementor-element elementor-element-0829a45 e-con-full e-flex e-con e-child\" data-id=\"0829a45\" data-element_type=\"container\" data-e-type=\"container\">\n\t\t<div class=\"elementor-element elementor-element-49033b4 e-con-full e-flex e-con e-child\" data-id=\"49033b4\" data-element_type=\"container\" data-e-type=\"container\">\n\t\t\t\t<div class=\"elementor-element elementor-element-5cc1023 elementor-widget elementor-widget-text-editor\" data-id=\"5cc1023\" data-element_type=\"widget\" data-e-type=\"widget\" data-widget_type=\"text-editor.default\">\n\t\t\t\t<div class=\"elementor-widget-container\">\n\t\t\t\t\t\t\t\t\t<p>Petite soeur des <strong>Reptiliades<\/strong> (plus grand salon fran\u00e7ais), &#8220;<strong>Les Reptiliarras<\/strong>&#8221; auront lieu les 15 et 16 novembre <strong>2025<\/strong> \u00e0 Arras, et pr\u00e9sentera de nombreuses esp\u00e8ces de <strong>reptiles<\/strong> et <strong>d&#8217;insectes<\/strong>, sans oublier tout le n\u00e9cessaire tel que mat\u00e9riel, nourriture&#8230; Vivez une aventure <strong>inoubliable<\/strong> entre terre, air et mer, au plus pr\u00e8s de ces <strong>cr\u00e9atures fascinantes. <\/strong>Une immersion \u00e0 couper le souffle vous attend ! Billetterie en ligne prochainement (<a class=\"x1i10hfl xjbqb8w x1ejq31n xd10rxx x1sy0etr x17r0tee x972fbf xcfux6l x1qhh985 xm0m39n x9f619 x1ypdohk xt0psk2 xe8uvvx xdj266r x11i5rnm xat24cr x1mh8g0r xexx8yu x4uap5 x18d9i69 xkhd6sd x16tdsg8 x1hl2dhg xggy1nq x1a2a7pz x1sur9pj xkrqix3 x1fey0fg\" style=\"color: var(--blue-link); cursor: pointer; list-style: none; text-align: inherit; border-style: none; outline: none; -webkit-tap-highlight-color: transparent; touch-action: manipulation; background-color: transparent; display: inline;\" tabindex=\"0\" role=\"link\" href=\"http:\/\/expoanimo.fr\/\" target=\"_blank\" rel=\"nofollow noopener noreferrer\">expoanimo.fr<\/a>) ou sur place (esp\u00e8ces ou carte bleue).<\/p>\t\t\t\t\t\t\t\t<\/div>\n\t\t\t\t<\/div>\n\t\t\t\t<\/div>\n\t\t\t\t<\/div>\n\t\t\t\t<div class=\"elementor-element elementor-element-6d2a7ec elementor-widget elementor-widget-image\" data-id=\"6d2a7ec\" data-element_type=\"widget\" data-e-type=\"widget\" data-widget_type=\"image.default\">\n\t\t\t\t<div class=\"elementor-widget-container\">\n\t\t\t\t\t\t\t\t\t\t\t\t\t\t\t<img decoding=\"async\" width=\"768\" height=\"1024\" src=\"https:\/\/expoanimo.fr\/wp-content\/uploads\/2025\/04\/IMG_5778-768x1024.jpeg\" class=\"attachment-large size-large wp-image-1142\" alt=\"\" srcset=\"https:\/\/expoanimo.fr\/wp-content\/uploads\/2025\/04\/IMG_5778-768x1024.jpeg 768w, https:\/\/expoanimo.fr\/wp-content\/uploads\/2025\/04\/IMG_5778-225x300.jpeg 225w, https:\/\/expoanimo.fr\/wp-content\/uploads\/2025\/04\/IMG_5778-1152x1536.jpeg 1152w, https:\/\/expoanimo.fr\/wp-content\/uploads\/2025\/04\/IMG_5778-1536x2048.jpeg 1536w, https:\/\/expoanimo.fr\/wp-content\/uploads\/2025\/04\/IMG_5778-1320x1760.jpeg 1320w, https:\/\/expoanimo.fr\/wp-content\/uploads\/2025\/04\/IMG_5778-scaled.jpeg 1920w\" sizes=\"(max-width: 768px) 100vw, 768px\" \/>\t\t\t\t\t\t\t\t\t\t\t\t\t\t\t<\/div>\n\t\t\t\t<\/div>\n\t\t\t\t\t<\/div>\n\t\t\t\t<\/div>\n\t\t<div class=\"elementor-element elementor-element-cdf31f0 e-flex e-con-boxed e-con e-parent\" data-id=\"cdf31f0\" data-element_type=\"container\" data-e-type=\"container\">\n\t\t\t\t\t<div class=\"e-con-inner\">\n\t\t\t\t<div class=\"elementor-element elementor-element-c85fb36 elementor-widget elementor-widget-image\" data-id=\"c85fb36\" data-element_type=\"widget\" data-e-type=\"widget\" data-widget_type=\"image.default\">\n\t\t\t\t<div class=\"elementor-widget-container\">\n\t\t\t\t\t\t\t\t\t\t\t\t\t\t\t<img decoding=\"async\" width=\"768\" height=\"429\" src=\"https:\/\/expoanimo.fr\/wp-content\/uploads\/2025\/04\/Capture-decran-2025-04-16-a-15.23.44-768x429.png\" class=\"attachment-medium_large size-medium_large wp-image-1149\" alt=\"\" srcset=\"https:\/\/expoanimo.fr\/wp-content\/uploads\/2025\/04\/Capture-decran-2025-04-16-a-15.23.44-768x429.png 768w, https:\/\/expoanimo.fr\/wp-content\/uploads\/2025\/04\/Capture-decran-2025-04-16-a-15.23.44-300x167.png 300w, https:\/\/expoanimo.fr\/wp-content\/uploads\/2025\/04\/Capture-decran-2025-04-16-a-15.23.44-1024x572.png 1024w, https:\/\/expoanimo.fr\/wp-content\/uploads\/2025\/04\/Capture-decran-2025-04-16-a-15.23.44-1536x857.png 1536w, https:\/\/expoanimo.fr\/wp-content\/uploads\/2025\/04\/Capture-decran-2025-04-16-a-15.23.44-2048x1143.png 2048w, https:\/\/expoanimo.fr\/wp-content\/uploads\/2025\/04\/Capture-decran-2025-04-16-a-15.23.44-496x277.png 496w, https:\/\/expoanimo.fr\/wp-content\/uploads\/2025\/04\/Capture-decran-2025-04-16-a-15.23.44-1320x737.png 1320w\" sizes=\"(max-width: 768px) 100vw, 768px\" \/>\t\t\t\t\t\t\t\t\t\t\t\t\t\t\t<\/div>\n\t\t\t\t<\/div>\n\t\t\t\t\t<\/div>\n\t\t\t\t<\/div>\n\t\t<div class=\"elementor-element elementor-element-50947a2 e-flex e-con-boxed e-con e-parent\" data-id=\"50947a2\" data-element_type=\"container\" data-e-type=\"container\">\n\t\t\t\t\t<div class=\"e-con-inner\">\n\t\t\t\t<div class=\"elementor-element elementor-element-e9ae384 elementor-widget elementor-widget-text-editor\" data-id=\"e9ae384\" data-element_type=\"widget\" data-e-type=\"widget\" data-widget_type=\"text-editor.default\">\n\t\t\t\t<div class=\"elementor-widget-container\">\n\t\t\t\t\t\t\t\t\t<p data-start=\"226\" data-end=\"479\"><strong data-start=\"240\" data-end=\"260\">Les Reptiliarras<\/strong> r\u00e9unissent un large panel de passionn\u00e9s : \u00e9leveurs, associations, cr\u00e9ateurs, marques, m\u00e9dias et partenaires engag\u00e9s autour du monde fascinant des reptiles, amphibiens, arthropodes, plantes tropicales et de la nature.<\/p><h3 data-start=\"481\" data-end=\"548\">\u2728 Voici la liste compl\u00e8te de nos exposants et sponsors 2025 :<\/h3><p data-start=\"549\" data-end=\"1665\">ARCADIA \u2022 ABC ANIMALERIE \u2022 AMAPOLA PLANTES \u2022 ANIM&#8217;O \u2022 ANIMAUX MODE D&#8217;EMPLOI \u2022 ANIZOOPARADISE \u2022 ANT AND CO \u2022 AQUA-BIOTOPE \/ CANOPEA \u2022 AQUATERRA_DESIGN \u2022 ARTHROPODIA \u2022 AVIXI REPTILES \u2022 BEN&#8217;S BEAUTY BUGS \u2022 BENJI\u2019S VENOM SNAKE \u2022 BOAVIOSA &#8211; SNAKEUNIVERS \u2022 CATFA B\u00c9THUNARIUM \u2022 CHOUETTE PLAN\u00c8TE \u2022 CLOPORTES ET COMPAGNIE \u2022 COLOMBE PHOTOGRAPHIE \u2022 CRAZYGUTT62 \u2022 CURIOUS REPTILES \u2022 DIDIPPUS \u2022 DMY REPTILES \u2022 DORIAN TD \u2022 EBUGZ \u2022 EGGCETERRA \u2022 FG REPTILES \u2022 FOLUSNY ANDR\u00c9 \u2022 GESTION ANT \u2022 HAVRE VERT \u2022 HOGNOSE CONCEPT \u2022 ISOPODS MANIA \u2022 J&#8217;AIME GEMME \u2022 JULIEN NOWAK \u2022 JURASSIC NAC &amp; CO \u2022 LA FERME TROPICALE \u2022 LE REFUGE DE KAA \u2022 LES F\u00c9ES MAIN DE CARENCY \u2022 LILO TORTUES \u2022 LUSTHILDE \u2022 LYC\u00c9E SAINT JOSEPH \u2022 MINUIT-LUNE CRESTIES \u2022 MORELIA JM \u2022 NANCY ET ALEX AND CASIMIR BALL \u2022 NATURE AT HOME \u2022 NEO ADDICTION \u2022 NL MORPHBALL \u2022 REPTIBIO \u2022 REPTILE BAR \u2022 REPTILE SYSTEMS \u2022 REPTILIS \u2022 REPTITRACKER \u2022 REPTITROPIC \u2022 RP TERRA \u2022 SCARAB\u00caTE \u2022 SERVICE V\u00c9T\u00c9RINAIRE DOCNAC \u2022 STUDIOS LOMA WILD \u2022 TERENCE DINOSAUR \u2022 TERRARIO CENTER \u2022 THE LOST WOODS \u2022 TORTUES SHOPPING \u2022 TROPIC\u2019HOME \u2022 VENTRE \u00c0 TERRE \u2022 VET HAUTS-DE-FRANCE SERVICE NAC \u2022 ZOOCAMPUS \u2022 ZOOMED<\/p><hr data-start=\"1667\" data-end=\"1670\" \/><h3 data-start=\"1672\" data-end=\"1703\">\ud83d\udc9a Une communaut\u00e9 engag\u00e9e<\/h3><p data-start=\"1704\" data-end=\"1778\">Chaque exposant contribue \u00e0 faire des Reptiliarras un \u00e9v\u00e9nement unique :<\/p><ul data-start=\"1779\" data-end=\"2168\"><li data-start=\"1779\" data-end=\"1863\"><p data-start=\"1781\" data-end=\"1863\"><strong data-start=\"1781\" data-end=\"1808\">Des \u00e9leveurs passionn\u00e9s<\/strong> partageant leurs connaissances et bonnes pratiques ;<\/p><\/li><li data-start=\"1864\" data-end=\"1940\"><p data-start=\"1866\" data-end=\"1940\"><strong data-start=\"1866\" data-end=\"1895\">Des cr\u00e9ateurs et artisans<\/strong> qui mettent en avant la beaut\u00e9 du vivant ;<\/p><\/li><li data-start=\"1941\" data-end=\"2055\"><p data-start=\"1943\" data-end=\"2055\"><strong data-start=\"1943\" data-end=\"1979\">Des associations et institutions<\/strong> engag\u00e9es dans la sensibilisation, la p\u00e9dagogie et la protection animale ;<\/p><\/li><li data-start=\"2056\" data-end=\"2168\"><p data-start=\"2058\" data-end=\"2168\"><strong data-start=\"2058\" data-end=\"2085\">Des marques et sponsors<\/strong> qui soutiennent une approche responsable et qualitative du loisir terrariophile.<\/p><\/li><\/ul>\t\t\t\t\t\t\t\t<\/div>\n\t\t\t\t<\/div>\n\t\t\t\t\t<\/div>\n\t\t\t\t<\/div>\n\t\t<div class=\"elementor-element elementor-element-75ee54e e-flex e-con-boxed e-con e-parent\" data-id=\"75ee54e\" data-element_type=\"container\" data-e-type=\"container\">\n\t\t\t\t\t<div class=\"e-con-inner\">\n\t\t\t\t<div class=\"elementor-element elementor-element-ed57f90 elementor-widget-divider--view-line elementor-widget elementor-widget-divider\" data-id=\"ed57f90\" data-element_type=\"widget\" data-e-type=\"widget\" data-widget_type=\"divider.default\">\n\t\t\t\t<div class=\"elementor-widget-container\">\n\t\t\t\t\t\t\t<div class=\"elementor-divider\">\n\t\t\t<span class=\"elementor-divider-separator\">\n\t\t\t\t\t\t<\/span>\n\t\t<\/div>\n\t\t\t\t\t\t<\/div>\n\t\t\t\t<\/div>\n\t\t\t\t\t<\/div>\n\t\t\t\t<\/div>\n\t\t<div class=\"elementor-element elementor-element-70361bd e-flex e-con-boxed e-con e-parent\" data-id=\"70361bd\" data-element_type=\"container\" data-e-type=\"container\">\n\t\t\t\t\t<div class=\"e-con-inner\">\n\t\t\t\t<div class=\"elementor-element elementor-element-016d4a5 elementor-widget elementor-widget-google_maps\" data-id=\"016d4a5\" data-element_type=\"widget\" data-e-type=\"widget\" data-widget_type=\"google_maps.default\">\n\t\t\t\t<div class=\"elementor-widget-container\">\n\t\t\t\t\t\t\t<div class=\"elementor-custom-embed\">\n\t\t\t<iframe loading=\"lazy\"\n\t\t\t\t\tsrc=\"https:\/\/maps.google.com\/maps?q=Artois%20Expo&#038;t=m&#038;z=7&#038;output=embed&#038;iwloc=near\"\n\t\t\t\t\ttitle=\"Artois Expo\"\n\t\t\t\t\taria-label=\"Artois Expo\"\n\t\t\t><\/iframe>\n\t\t<\/div>\n\t\t\t\t\t\t<\/div>\n\t\t\t\t<\/div>\n\t\t\t\t\t<\/div>\n\t\t\t\t<\/div>\n\t\t\t\t<\/div>\n\t\t","protected":false},"excerpt":{"rendered":"<p>Les Reptiliarras &#8211; Arras, nord-pas-de-calais Petite soeur des Reptiliades (plus &hellip;<\/p>\n","protected":false},"author":1,"featured_media":1439,"parent":0,"menu_order":2,"comment_status":"closed","ping_status":"closed","template":"","meta":{"om_disable_all_campaigns":false,"_monsterinsights_skip_tracking":false,"_monsterinsights_sitenote_active":false,"_monsterinsights_sitenote_note":"","_monsterinsights_sitenote_category":0,"_uf_show_specific_survey":0,"_uf_disable_surveys":false,"footnotes":""},"class_list":["post-945","page","type-page","status-publish","has-post-thumbnail","hentry"],"aioseo_notices":[],"_links":{"self":[{"href":"https:\/\/expoanimo.fr\/index.php?rest_route=\/wp\/v2\/pages\/945","targetHints":{"allow":["GET"]}}],"collection":[{"href":"https:\/\/expoanimo.fr\/index.php?rest_route=\/wp\/v2\/pages"}],"about":[{"href":"https:\/\/expoanimo.fr\/index.php?rest_route=\/wp\/v2\/types\/page"}],"author":[{"embeddable":true,"href":"https:\/\/expoanimo.fr\/index.php?rest_route=\/wp\/v2\/users\/1"}],"replies":[{"embeddable":true,"href":"https:\/\/expoanimo.fr\/index.php?rest_route=%2Fwp%2Fv2%2Fcomments&post=945"}],"version-history":[{"count":50,"href":"https:\/\/expoanimo.fr\/index.php?rest_route=\/wp\/v2\/pages\/945\/revisions"}],"predecessor-version":[{"id":1582,"href":"https:\/\/expoanimo.fr\/index.php?rest_route=\/wp\/v2\/pages\/945\/revisions\/1582"}],"wp:featuredmedia":[{"embeddable":true,"href":"https:\/\/expoanimo.fr\/index.php?rest_route=\/wp\/v2\/media\/1439"}],"wp:attachment":[{"href":"https:\/\/expoanimo.fr\/index.php?rest_route=%2Fwp%2Fv2%2Fmedia&parent=945"}],"curies":[{"name":"wp","href":"https:\/\/api.w.org\/{rel}","templated":true}]}}