{"id":42,"date":"2019-07-22T09:58:07","date_gmt":"2019-07-22T07:58:07","guid":{"rendered":"http:\/\/expoanimo.fr\/?page_id=42"},"modified":"2026-03-04T10:06:23","modified_gmt":"2026-03-04T09:06:23","slug":"qui-sommes-nous","status":"publish","type":"page","link":"https:\/\/expoanimo.fr\/?page_id=42","title":{"rendered":"Qui sommes nous ?"},"content":{"rendered":"\t\t<div data-elementor-type=\"wp-page\" data-elementor-id=\"42\" class=\"elementor elementor-42\">\n\t\t\t\t\t\t<section class=\"elementor-section elementor-top-section elementor-element elementor-element-5a07f1d2 elementor-section-boxed elementor-section-height-default elementor-section-height-default\" data-id=\"5a07f1d2\" data-element_type=\"section\" data-e-type=\"section\">\n\t\t\t\t\t\t<div class=\"elementor-container elementor-column-gap-default\">\n\t\t\t\t\t<div class=\"elementor-column elementor-col-100 elementor-top-column elementor-element elementor-element-265eab5f\" data-id=\"265eab5f\" data-element_type=\"column\" data-e-type=\"column\">\n\t\t\t<div class=\"elementor-widget-wrap elementor-element-populated\">\n\t\t\t\t\t\t<div class=\"elementor-element elementor-element-1a18bdbc elementor-widget elementor-widget-text-editor\" data-id=\"1a18bdbc\" data-element_type=\"widget\" data-e-type=\"widget\" data-widget_type=\"text-editor.default\">\n\t\t\t\t<div class=\"elementor-widget-container\">\n\t\t\t\t\t\t\t\t\t<p data-start=\"192\" data-end=\"423\">Sp\u00e9cialis\u00e9s dans l\u2019organisation d\u2019\u00e9v\u00e9nements d\u00e9di\u00e9s \u00e0 la terrariophilie, nous professionnalisons le secteur tout en favorisant la p\u00e9dagogie, le bien-\u00eatre animal et la d\u00e9couverte scientifique.<\/p>\n<p data-start=\"425\" data-end=\"880\">Notre \u00e9v\u00e9nement phare, <strong data-start=\"448\" data-end=\"467\">Les Reptiliades<\/strong>, s\u2019impose comme le <strong data-start=\"487\" data-end=\"547\">salon terrariophile professionnel de r\u00e9f\u00e9rence en Europe<\/strong>, avec un rayonnement d\u00e9j\u00e0 international gr\u00e2ce \u00e0 la venue de visiteurs sp\u00e9cialis\u00e9s venus de France et d\u2019autres pays europ\u00e9ens. Il attire des passionn\u00e9s, des familles et des acteurs du secteur, offrant un cadre encadr\u00e9, r\u00e9glementaire et rigoureux pour la pr\u00e9sentation et la vente d\u2019animaux, de mat\u00e9riel et d\u2019\u00e9quipements sp\u00e9cialis\u00e9s.<\/p>\n<p data-start=\"882\" data-end=\"1334\">Dans un format plus intimiste et accessible, nous organisons \u00e9galement <strong data-start=\"953\" data-end=\"973\">Les Reptiliarras<\/strong>, \u00e0 Arras, la petite s\u0153ur des Reptiliades, con\u00e7ue pour initier le grand public, les familles et les jeunes passionn\u00e9s \u00e0 l\u2019univers des reptiles, tout en conservant des standards de qualit\u00e9 et de s\u00e9curit\u00e9 \u00e9lev\u00e9s. Ce format plus petit permet de cr\u00e9er une exp\u00e9rience immersive, conviviale et p\u00e9dagogique, en gardant l\u2019exigence professionnelle qui caract\u00e9rise nos \u00e9v\u00e9nements.<\/p>\n<h2 data-start=\"1341\" data-end=\"1392\">Un salon professionnel et rigoureusement encadr\u00e9<\/h2>\n<p data-start=\"1394\" data-end=\"1442\">Les Reptiliades et Les Reptiliarras r\u00e9unissent :<\/p>\n<ul data-start=\"1444\" data-end=\"1765\">\n<li data-start=\"1444\" data-end=\"1525\">\n<p data-start=\"1446\" data-end=\"1525\">Des \u00e9leveurs fran\u00e7ais sp\u00e9cialis\u00e9s et reconnus pour la qualit\u00e9 de leur \u00e9levage<\/p>\n<\/li>\n<li data-start=\"1526\" data-end=\"1624\">\n<p data-start=\"1528\" data-end=\"1624\">Une grande diversit\u00e9 d\u2019esp\u00e8ces : serpents, l\u00e9zards, geckos, tortues, amphibiens et invert\u00e9br\u00e9s<\/p>\n<\/li>\n<li data-start=\"1625\" data-end=\"1700\">\n<p data-start=\"1627\" data-end=\"1700\">Du mat\u00e9riel technique et des \u00e9quipements professionnels pour terrariums<\/p>\n<\/li>\n<li data-start=\"1701\" data-end=\"1765\">\n<p data-start=\"1703\" data-end=\"1765\">Des experts et acteurs structurants du secteur terrariophile<\/p>\n<\/li>\n<\/ul>\n<p data-start=\"1767\" data-end=\"1853\">Chaque exposition est organis\u00e9e selon un <strong data-start=\"1808\" data-end=\"1837\">cahier des charges strict<\/strong>, garantissant :<\/p>\n<ul data-start=\"1855\" data-end=\"2100\">\n<li data-start=\"1855\" data-end=\"1913\">\n<p data-start=\"1857\" data-end=\"1913\">Le respect du cadre r\u00e9glementaire fran\u00e7ais et europ\u00e9en<\/p>\n<\/li>\n<li data-start=\"1914\" data-end=\"1977\">\n<p data-start=\"1916\" data-end=\"1977\">Le contr\u00f4le sanitaire des animaux avant ouverture au public et durant l&#8217;\u00e9v\u00e9nement<\/p>\n<\/li>\n<li data-start=\"1978\" data-end=\"2037\">\n<p data-start=\"1980\" data-end=\"2037\">La tra\u00e7abilit\u00e9 et la conformit\u00e9 l\u00e9gale de chaque esp\u00e8ce<\/p>\n<\/li>\n<li data-start=\"2038\" data-end=\"2100\">\n<p data-start=\"2040\" data-end=\"2100\">Une exp\u00e9rience qualitative et s\u00e9curis\u00e9e pour les visiteurs<\/p>\n<\/li>\n<\/ul>\n<h2 data-start=\"2107\" data-end=\"2168\">Acheter un reptile l\u00e9galement : cadre r\u00e9glementaire strict<\/h2>\n<p data-start=\"2170\" data-end=\"2289\">Nos salons garantissent que toutes les transactions respectent les r\u00e8gles en vigueur pour l\u2019acquisition de reptiles :<\/p>\n<ul data-start=\"2291\" data-end=\"2508\">\n<li data-start=\"2291\" data-end=\"2340\">\n<p data-start=\"2293\" data-end=\"2340\"><span class=\"hover:entity-accent entity-underline inline cursor-pointer align-baseline\"><span class=\"whitespace-normal\">Convention de Washington<\/span><\/span> (CITES)<\/p>\n<\/li>\n<li data-start=\"2341\" data-end=\"2382\">\n<p data-start=\"2343\" data-end=\"2382\"><span class=\"hover:entity-accent entity-underline inline cursor-pointer align-baseline\"><span class=\"whitespace-normal\">R\u00e8glement (CE) n\u00b0 338\/97<\/span><\/span><\/p>\n<\/li>\n<li data-start=\"2383\" data-end=\"2424\">\n<p data-start=\"2385\" data-end=\"2424\"><span class=\"hover:entity-accent entity-underline inline cursor-pointer align-baseline\"><span class=\"whitespace-normal\">Code de l&#8217;environnement<\/span><\/span><\/p>\n<\/li>\n<li data-start=\"2425\" data-end=\"2466\">\n<p data-start=\"2427\" data-end=\"2466\"><span class=\"hover:entity-accent entity-underline inline cursor-pointer align-baseline\"><span class=\"whitespace-normal\">Arr\u00eat\u00e9 du 21 novembre 1997<\/span><\/span><\/p>\n<\/li>\n<li data-start=\"2467\" data-end=\"2508\">\n<p data-start=\"2469\" data-end=\"2508\"><span class=\"hover:entity-accent entity-underline inline cursor-pointer align-baseline\"><span class=\"whitespace-normal\">Arr\u00eat\u00e9 du 5 septembre 2025<\/span><\/span><\/p>\n<\/li>\n<\/ul>\n<p data-start=\"2510\" data-end=\"2640\">Seules des esp\u00e8ces accessibles l\u00e9galement aux particuliers, sans obligation de certificat de capacit\u00e9, sont pr\u00e9sent\u00e9es et vendues.<\/p>\n<h2 data-start=\"2647\" data-end=\"2691\">Bien-\u00eatre animal et approche scientifique<\/h2>\n<p data-start=\"2693\" data-end=\"2768\">Le <strong data-start=\"2696\" data-end=\"2716\">bien-\u00eatre animal<\/strong> constitue un pilier fondamental de nos \u00e9v\u00e9nements :<\/p>\n<ul data-start=\"2770\" data-end=\"2998\">\n<li data-start=\"2770\" data-end=\"2840\">\n<p data-start=\"2772\" data-end=\"2840\">S\u00e9lection d\u2019exposants respectant des standards d\u2019\u00e9levage exigeants<\/p>\n<\/li>\n<li data-start=\"2841\" data-end=\"2917\">\n<p data-start=\"2843\" data-end=\"2917\">Sensibilisation des visiteurs \u00e0 une acquisition responsable et r\u00e9fl\u00e9chie<\/p>\n<\/li>\n<li data-start=\"2918\" data-end=\"2998\">\n<p data-start=\"2920\" data-end=\"2998\">Valorisation d\u2019une approche scientifique et p\u00e9dagogique de la terrariophilie<\/p>\n<\/li>\n<\/ul>\n<p data-start=\"3000\" data-end=\"3159\">Les Reptiliades et Les Reptiliarras offrent ainsi une <strong data-start=\"3054\" data-end=\"3107\">vision rigoureuse et moderne de la terrariophilie<\/strong>, alliant expertise, s\u00e9curit\u00e9, p\u00e9dagogie et \u00e9thique.<\/p>\n<h2 data-start=\"3166\" data-end=\"3217\">Un \u00e9v\u00e9nement international, familial et immersif<\/h2>\n<p data-start=\"3219\" data-end=\"3245\">Nos \u00e9v\u00e9nements combinent :<\/p>\n<ul data-start=\"3247\" data-end=\"3530\">\n<li data-start=\"3247\" data-end=\"3311\">\n<p data-start=\"3249\" data-end=\"3311\">Une exp\u00e9rience immersive et d\u00e9paysante pour tous les publics<\/p>\n<\/li>\n<li data-start=\"3312\" data-end=\"3363\">\n<p data-start=\"3314\" data-end=\"3363\">Un divertissement p\u00e9dagogique pour les familles<\/p>\n<\/li>\n<li data-start=\"3364\" data-end=\"3430\">\n<p data-start=\"3366\" data-end=\"3430\">Des \u00e9changes directs avec des professionnels fran\u00e7ais reconnus<\/p>\n<\/li>\n<li data-start=\"3431\" data-end=\"3530\">\n<p data-start=\"3433\" data-end=\"3530\">Une ouverture internationale gr\u00e2ce \u00e0 la participation de visiteurs venus d\u2019Europe et d\u2019ailleurs<\/p>\n<\/li>\n<\/ul>\n<p data-start=\"3532\" data-end=\"3762\"><strong data-start=\"3532\" data-end=\"3664\">Les Reptiliades et Les Reptiliarras s\u2019affirment ainsi comme des salons terrariophiles professionnels \u00e0 rayonnement international<\/strong>, conjuguant exigence r\u00e9glementaire, approche scientifique, p\u00e9dagogie et plaisir de la d\u00e9couverte.<\/p>\n<p><!-- \/wp:paragraph --><\/p>\t\t\t\t\t\t\t\t<\/div>\n\t\t\t\t<\/div>\n\t\t\t\t\t<\/div>\n\t\t<\/div>\n\t\t\t\t\t<\/div>\n\t\t<\/section>\n\t\t<div class=\"elementor-element elementor-element-810ecaa e-flex e-con-boxed e-con e-parent\" data-id=\"810ecaa\" data-element_type=\"container\" data-e-type=\"container\">\n\t\t\t\t\t<div class=\"e-con-inner\">\n\t\t\t\t<div class=\"elementor-element elementor-element-3733355 elementor-shape-circle elementor-grid-0 e-grid-align-center elementor-widget elementor-widget-social-icons\" data-id=\"3733355\" data-element_type=\"widget\" data-e-type=\"widget\" data-widget_type=\"social-icons.default\">\n\t\t\t\t<div class=\"elementor-widget-container\">\n\t\t\t\t\t\t\t<div class=\"elementor-social-icons-wrapper elementor-grid\" role=\"list\">\n\t\t\t\t\t\t\t<span class=\"elementor-grid-item\" role=\"listitem\">\n\t\t\t\t\t<a class=\"elementor-icon elementor-social-icon elementor-social-icon-facebook elementor-animation-pulse-grow elementor-repeater-item-f426868\" href=\"https:\/\/www.facebook.com\/expoanimo\" target=\"_blank\">\n\t\t\t\t\t\t<span class=\"elementor-screen-only\">Facebook<\/span>\n\t\t\t\t\t\t<svg aria-hidden=\"true\" class=\"e-font-icon-svg e-fab-facebook\" viewBox=\"0 0 512 512\" xmlns=\"http:\/\/www.w3.org\/2000\/svg\"><path d=\"M504 256C504 119 393 8 256 8S8 119 8 256c0 123.78 90.69 226.38 209.25 245V327.69h-63V256h63v-54.64c0-62.15 37-96.48 93.67-96.48 27.14 0 55.52 4.84 55.52 4.84v61h-31.28c-30.8 0-40.41 19.12-40.41 38.73V256h68.78l-11 71.69h-57.78V501C413.31 482.38 504 379.78 504 256z\"><\/path><\/svg>\t\t\t\t\t<\/a>\n\t\t\t\t<\/span>\n\t\t\t\t\t\t\t<span class=\"elementor-grid-item\" role=\"listitem\">\n\t\t\t\t\t<a class=\"elementor-icon elementor-social-icon elementor-social-icon-instagram elementor-animation-pulse-grow elementor-repeater-item-dfe874f\" href=\"https:\/\/www.instagram.com\/les_reptiliades\/\" target=\"_blank\">\n\t\t\t\t\t\t<span class=\"elementor-screen-only\">Instagram<\/span>\n\t\t\t\t\t\t<svg aria-hidden=\"true\" class=\"e-font-icon-svg e-fab-instagram\" viewBox=\"0 0 448 512\" xmlns=\"http:\/\/www.w3.org\/2000\/svg\"><path d=\"M224.1 141c-63.6 0-114.9 51.3-114.9 114.9s51.3 114.9 114.9 114.9S339 319.5 339 255.9 287.7 141 224.1 141zm0 189.6c-41.1 0-74.7-33.5-74.7-74.7s33.5-74.7 74.7-74.7 74.7 33.5 74.7 74.7-33.6 74.7-74.7 74.7zm146.4-194.3c0 14.9-12 26.8-26.8 26.8-14.9 0-26.8-12-26.8-26.8s12-26.8 26.8-26.8 26.8 12 26.8 26.8zm76.1 27.2c-1.7-35.9-9.9-67.7-36.2-93.9-26.2-26.2-58-34.4-93.9-36.2-37-2.1-147.9-2.1-184.9 0-35.8 1.7-67.6 9.9-93.9 36.1s-34.4 58-36.2 93.9c-2.1 37-2.1 147.9 0 184.9 1.7 35.9 9.9 67.7 36.2 93.9s58 34.4 93.9 36.2c37 2.1 147.9 2.1 184.9 0 35.9-1.7 67.7-9.9 93.9-36.2 26.2-26.2 34.4-58 36.2-93.9 2.1-37 2.1-147.8 0-184.8zM398.8 388c-7.8 19.6-22.9 34.7-42.6 42.6-29.5 11.7-99.5 9-132.1 9s-102.7 2.6-132.1-9c-19.6-7.8-34.7-22.9-42.6-42.6-11.7-29.5-9-99.5-9-132.1s-2.6-102.7 9-132.1c7.8-19.6 22.9-34.7 42.6-42.6 29.5-11.7 99.5-9 132.1-9s102.7-2.6 132.1 9c19.6 7.8 34.7 22.9 42.6 42.6 11.7 29.5 9 99.5 9 132.1s2.7 102.7-9 132.1z\"><\/path><\/svg>\t\t\t\t\t<\/a>\n\t\t\t\t<\/span>\n\t\t\t\t\t\t\t<span class=\"elementor-grid-item\" role=\"listitem\">\n\t\t\t\t\t<a class=\"elementor-icon elementor-social-icon elementor-social-icon-facebook elementor-animation-pulse-grow elementor-repeater-item-93fbdaa\" href=\"https:\/\/www.facebook.com\/groups\/513315959442524\" target=\"_blank\">\n\t\t\t\t\t\t<span class=\"elementor-screen-only\">Facebook<\/span>\n\t\t\t\t\t\t<svg aria-hidden=\"true\" class=\"e-font-icon-svg e-fab-facebook\" viewBox=\"0 0 512 512\" xmlns=\"http:\/\/www.w3.org\/2000\/svg\"><path d=\"M504 256C504 119 393 8 256 8S8 119 8 256c0 123.78 90.69 226.38 209.25 245V327.69h-63V256h63v-54.64c0-62.15 37-96.48 93.67-96.48 27.14 0 55.52 4.84 55.52 4.84v61h-31.28c-30.8 0-40.41 19.12-40.41 38.73V256h68.78l-11 71.69h-57.78V501C413.31 482.38 504 379.78 504 256z\"><\/path><\/svg>\t\t\t\t\t<\/a>\n\t\t\t\t<\/span>\n\t\t\t\t\t<\/div>\n\t\t\t\t\t\t<\/div>\n\t\t\t\t<\/div>\n\t\t\t\t\t<\/div>\n\t\t\t\t<\/div>\n\t\t\t\t<\/div>\n\t\t","protected":false},"excerpt":{"rendered":"<p>Sp\u00e9cialis\u00e9s dans l\u2019organisation d\u2019\u00e9v\u00e9nements d\u00e9di\u00e9s \u00e0 la terrariophilie, nous professionnalisons &hellip;<\/p>\n","protected":false},"author":1,"featured_media":1632,"parent":0,"menu_order":2,"comment_status":"closed","ping_status":"closed","template":"","meta":{"om_disable_all_campaigns":false,"_monsterinsights_skip_tracking":false,"_monsterinsights_sitenote_active":false,"_monsterinsights_sitenote_note":"","_monsterinsights_sitenote_category":0,"_uf_show_specific_survey":0,"_uf_disable_surveys":false,"footnotes":""},"class_list":["post-42","page","type-page","status-publish","has-post-thumbnail","hentry"],"aioseo_notices":[],"_links":{"self":[{"href":"https:\/\/expoanimo.fr\/index.php?rest_route=\/wp\/v2\/pages\/42","targetHints":{"allow":["GET"]}}],"collection":[{"href":"https:\/\/expoanimo.fr\/index.php?rest_route=\/wp\/v2\/pages"}],"about":[{"href":"https:\/\/expoanimo.fr\/index.php?rest_route=\/wp\/v2\/types\/page"}],"author":[{"embeddable":true,"href":"https:\/\/expoanimo.fr\/index.php?rest_route=\/wp\/v2\/users\/1"}],"replies":[{"embeddable":true,"href":"https:\/\/expoanimo.fr\/index.php?rest_route=%2Fwp%2Fv2%2Fcomments&post=42"}],"version-history":[{"count":42,"href":"https:\/\/expoanimo.fr\/index.php?rest_route=\/wp\/v2\/pages\/42\/revisions"}],"predecessor-version":[{"id":1641,"href":"https:\/\/expoanimo.fr\/index.php?rest_route=\/wp\/v2\/pages\/42\/revisions\/1641"}],"wp:featuredmedia":[{"embeddable":true,"href":"https:\/\/expoanimo.fr\/index.php?rest_route=\/wp\/v2\/media\/1632"}],"wp:attachment":[{"href":"https:\/\/expoanimo.fr\/index.php?rest_route=%2Fwp%2Fv2%2Fmedia&parent=42"}],"curies":[{"name":"wp","href":"https:\/\/api.w.org\/{rel}","templated":true}]}}