{"id":335,"date":"2022-07-11T13:52:55","date_gmt":"2022-07-11T11:52:55","guid":{"rendered":"https:\/\/expoanimo.fr\/?page_id=335"},"modified":"2026-03-05T12:33:22","modified_gmt":"2026-03-05T11:33:22","slug":"les-reptiliades-2026-le-salon-terrariophile-europeen-incontournable-a-nimes-reptiles-ateliers-exposants-bien-etre-animal-17-18-octobre-2026","status":"publish","type":"page","link":"https:\/\/expoanimo.fr\/?page_id=335","title":{"rendered":"Les Reptiliades \u2013 N\u00eemes, Gard\u200b"},"content":{"rendered":"\t\t<div data-elementor-type=\"wp-page\" data-elementor-id=\"335\" class=\"elementor elementor-335\">\n\t\t\t\t<div class=\"elementor-element elementor-element-866e5ea e-flex e-con-boxed e-con e-parent\" data-id=\"866e5ea\" data-element_type=\"container\" data-e-type=\"container\">\n\t\t\t\t\t<div class=\"e-con-inner\">\n\t\t\t\t<div class=\"elementor-element elementor-element-85001d1 elementor-widget elementor-widget-text-editor\" data-id=\"85001d1\" data-element_type=\"widget\" data-e-type=\"widget\" data-widget_type=\"text-editor.default\">\n\t\t\t\t<div class=\"elementor-widget-container\">\n\t\t\t\t\t\t\t\t\t<h2 class=\"elementor-heading-title elementor-size-default elementor-inline-editing pen\" style=\"text-align: center;\" contenteditable=\"true\" data-elementor-setting-key=\"title\" data-pen-placeholder=\"\u00c9crivez ici...\">Les reptiliades \u2013 n\u00eemes, gard\u200b<\/h2>\t\t\t\t\t\t\t\t<\/div>\n\t\t\t\t<\/div>\n\t\t\t\t\t<\/div>\n\t\t\t\t<\/div>\n\t\t<header class=\"elementor-element elementor-element-40aa8216 e-con-full e-flex e-con e-parent\" data-id=\"40aa8216\" data-element_type=\"container\" data-e-type=\"container\">\n\t\t<div class=\"elementor-element elementor-element-17a7c1df e-con-full e-flex e-con e-child\" data-id=\"17a7c1df\" data-element_type=\"container\" data-e-type=\"container\">\n\t\t\t\t<div class=\"elementor-element elementor-element-7c120cb1 elementor-widget elementor-widget-image\" data-id=\"7c120cb1\" data-element_type=\"widget\" data-e-type=\"widget\" data-widget_type=\"image.default\">\n\t\t\t\t<div class=\"elementor-widget-container\">\n\t\t\t\t\t\t\t\t\t\t\t\t\t\t\t<img fetchpriority=\"high\" decoding=\"async\" width=\"2560\" height=\"1242\" src=\"https:\/\/expoanimo.fr\/wp-content\/uploads\/2026\/03\/Capture-decran-2026-03-04-a-09.40.21-scaled.png\" class=\"attachment-full size-full wp-image-1618\" alt=\"\" srcset=\"https:\/\/expoanimo.fr\/wp-content\/uploads\/2026\/03\/Capture-decran-2026-03-04-a-09.40.21-scaled.png 2560w, https:\/\/expoanimo.fr\/wp-content\/uploads\/2026\/03\/Capture-decran-2026-03-04-a-09.40.21-300x146.png 300w, https:\/\/expoanimo.fr\/wp-content\/uploads\/2026\/03\/Capture-decran-2026-03-04-a-09.40.21-1024x497.png 1024w, https:\/\/expoanimo.fr\/wp-content\/uploads\/2026\/03\/Capture-decran-2026-03-04-a-09.40.21-768x373.png 768w, https:\/\/expoanimo.fr\/wp-content\/uploads\/2026\/03\/Capture-decran-2026-03-04-a-09.40.21-1536x745.png 1536w, https:\/\/expoanimo.fr\/wp-content\/uploads\/2026\/03\/Capture-decran-2026-03-04-a-09.40.21-2048x994.png 2048w, https:\/\/expoanimo.fr\/wp-content\/uploads\/2026\/03\/Capture-decran-2026-03-04-a-09.40.21-496x241.png 496w, https:\/\/expoanimo.fr\/wp-content\/uploads\/2026\/03\/Capture-decran-2026-03-04-a-09.40.21-1320x641.png 1320w\" sizes=\"(max-width: 2560px) 100vw, 2560px\" \/>\t\t\t\t\t\t\t\t\t\t\t\t\t\t\t<\/div>\n\t\t\t\t<\/div>\n\t\t\t\t<\/div>\n\t\t\t\t<\/header>\n\t\t<div class=\"elementor-element elementor-element-74830187 e-con-full e-flex e-con e-parent\" data-id=\"74830187\" data-element_type=\"container\" data-e-type=\"container\" data-settings=\"{&quot;background_background&quot;:&quot;classic&quot;}\">\n\t\t<div class=\"elementor-element elementor-element-518c1269 e-con-full e-flex e-con e-child\" data-id=\"518c1269\" data-element_type=\"container\" data-e-type=\"container\">\n\t\t\t\t<div class=\"elementor-element elementor-element-2b9eeaf3 elementor-widget elementor-widget-text-editor\" data-id=\"2b9eeaf3\" data-element_type=\"widget\" data-e-type=\"widget\" data-widget_type=\"text-editor.default\">\n\t\t\t\t<div class=\"elementor-widget-container\">\n\t\t\t\t\t\t\t\t\t<p data-start=\"312\" data-end=\"701\">Les <strong data-start=\"316\" data-end=\"331\">Reptiliades<\/strong> reviennent les <strong data-start=\"347\" data-end=\"372\">17 et 18 octobre 2026<\/strong>\u00a0au <strong data-start=\"376\" data-end=\"409\">Parc des Expositions de N\u00eemes<\/strong> pour une \u00e9dition exceptionnelle consacr\u00e9e aux <strong data-start=\"456\" data-end=\"472\">crocodiliens<\/strong>.<br data-start=\"473\" data-end=\"476\" \/>Consid\u00e9r\u00e9 comme le <strong data-start=\"495\" data-end=\"538\">plus grand salon terrariophile europ\u00e9en<\/strong>, l\u2019\u00e9v\u00e9nement est devenu une <strong data-start=\"567\" data-end=\"595\">r\u00e9f\u00e9rence incontournable<\/strong> pour tous les passionn\u00e9s de <strong data-start=\"624\" data-end=\"698\">reptiles, serpents, l\u00e9zards, tortues, grenouilles et animaux exotiques<\/strong>.<\/p><p data-start=\"703\" data-end=\"826\">Venez d\u00e9couvrir un <strong data-start=\"722\" data-end=\"756\">\u00e9v\u00e9nement familial et \u00e9ducatif<\/strong>, unique en Europe, qui m\u00eale <strong data-start=\"785\" data-end=\"823\">passion, p\u00e9dagogie et conservation<\/strong>.<\/p><h2 data-start=\"833\" data-end=\"875\">Pourquoi venir aux Reptiliades 2026 ?<\/h2><p data-start=\"877\" data-end=\"950\">Sur plus de <strong data-start=\"889\" data-end=\"914\">6 000 m\u00b2 d\u2019exposition<\/strong>, les Reptiliades vous proposent :<\/p><ul><li data-start=\"952\" data-end=\"1445\"><strong data-start=\"954\" data-end=\"991\">Pr\u00e8s de 200 exposants sp\u00e9cialis\u00e9s<\/strong> : \u00e9leveurs, marques fran\u00e7aises et europ\u00e9ennes, organismes de formation, parcs animaliers.<\/li><li data-start=\"952\" data-end=\"1445\">Des <strong data-start=\"1090\" data-end=\"1109\">acteurs engag\u00e9s<\/strong> autour du <strong data-start=\"1120\" data-end=\"1140\">bien-\u00eatre animal<\/strong>, de la <strong data-start=\"1148\" data-end=\"1167\">sensibilisation<\/strong> et du <strong data-start=\"1174\" data-end=\"1197\">respect des esp\u00e8ces<\/strong>.<\/li><li data-start=\"952\" data-end=\"1445\">Des <strong data-start=\"1207\" data-end=\"1229\">contenus innovants<\/strong> : technologies terrariophiles, cr\u00e9ations artistiques, vid\u00e9os, influenceurs animaliers.<\/li><li data-start=\"952\" data-end=\"1445\">Un <strong data-start=\"1324\" data-end=\"1365\">programme vari\u00e9 pour tous les publics<\/strong> : ateliers, activit\u00e9s familiales, d\u00e9monstrations p\u00e9dagogiques et conf\u00e9rences.<\/li><\/ul><hr data-start=\"2028\" data-end=\"2031\" \/><h2 data-start=\"2033\" data-end=\"2060\">Informations pratiques<\/h2><p data-start=\"2062\" data-end=\"2240\">\ud83d\udcc5 <strong data-start=\"2065\" data-end=\"2074\">Dates<\/strong> : Samedi 17 octobre 2026 et dimanche 18 octobre 2026<br data-start=\"2129\" data-end=\"2132\" \/>\ud83d\udd59 <strong data-start=\"2135\" data-end=\"2147\">Horaires<\/strong> : 10h \u2013 18h<br data-start=\"2159\" data-end=\"2162\" \/>\ud83d\udccd <strong data-start=\"2165\" data-end=\"2173\">Lieu<\/strong> : Parc des Expositions de N\u00eemes \u2013 230 avenue du Languedoc, N\u00eemes<br \/>\ud83c\udf9f\ufe0f <strong data-start=\"2246\" data-end=\"2261\">Billetterie<\/strong> : R\u00e9servez d\u00e8s maintenant votre billet en ligne.<\/p><hr data-start=\"2350\" data-end=\"2353\" \/><h1>Un rendez-vous unique en Europe<\/h1><p data-start=\"2393\" data-end=\"2441\">Les Reptiliades, c\u2019est bien plus qu\u2019un salon :<\/p><ul data-start=\"2442\" data-end=\"2670\"><li data-start=\"2442\" data-end=\"2523\"><p data-start=\"2444\" data-end=\"2523\">une <strong data-start=\"2448\" data-end=\"2520\">immersion dans l\u2019univers fascinant des reptiles et animaux exotiques<\/strong>,<\/p><\/li><li data-start=\"2524\" data-end=\"2590\"><p data-start=\"2526\" data-end=\"2590\">une <strong data-start=\"2530\" data-end=\"2587\">rencontre avec la communaut\u00e9 terrariophile europ\u00e9enne<\/strong>,<\/p><\/li><li data-start=\"2591\" data-end=\"2670\"><p data-start=\"2593\" data-end=\"2670\">un <strong data-start=\"2596\" data-end=\"2645\">\u00e9v\u00e9nement \u00e9ducatif, scientifique et convivial<\/strong> pour petits et grands.<\/p><\/li><\/ul><p data-start=\"2672\" data-end=\"2816\">\ud83d\udc49 <strong data-start=\"2675\" data-end=\"2732\">Ne manquez pas l\u2019\u00e9dition 2026 des Reptiliades \u00e0 N\u00eemes<\/strong> : le grand rendez-vous europ\u00e9en d\u00e9di\u00e9 aux reptiles et \u00e0 la passion terrariophile.<\/p>\t\t\t\t\t\t\t\t<\/div>\n\t\t\t\t<\/div>\n\t\t\t\t<div class=\"elementor-element elementor-element-7d8bea8e elementor-mobile-align-center elementor-align-center elementor-widget elementor-widget-button\" data-id=\"7d8bea8e\" data-element_type=\"widget\" data-e-type=\"widget\" data-widget_type=\"button.default\">\n\t\t\t\t<div class=\"elementor-widget-container\">\n\t\t\t\t\t\t\t\t\t<div class=\"elementor-button-wrapper\">\n\t\t\t\t\t<a class=\"elementor-button elementor-button-link elementor-size-sm\" href=\"https:\/\/expoanimo.fr\/?page_id=688\">\n\t\t\t\t\t\t<span class=\"elementor-button-content-wrapper\">\n\t\t\t\t\t\t\t\t\t<span class=\"elementor-button-text\">Acheter ses billets ! <\/span>\n\t\t\t\t\t<\/span>\n\t\t\t\t\t<\/a>\n\t\t\t\t<\/div>\n\t\t\t\t\t\t\t\t<\/div>\n\t\t\t\t<\/div>\n\t\t\t\t<\/div>\n\t\t<div class=\"elementor-element elementor-element-5c3a41b7 e-con-full e-flex e-con e-child\" data-id=\"5c3a41b7\" data-element_type=\"container\" data-e-type=\"container\">\n\t\t\t\t<\/div>\n\t\t\t\t<\/div>\n\t\t<div class=\"elementor-element elementor-element-a5b3881 e-flex e-con-boxed e-con e-parent\" data-id=\"a5b3881\" data-element_type=\"container\" data-e-type=\"container\">\n\t\t\t\t\t<div class=\"e-con-inner\">\n\t\t\t\t<div class=\"elementor-element elementor-element-0bff600 elementor-widget elementor-widget-video\" data-id=\"0bff600\" data-element_type=\"widget\" data-e-type=\"widget\" data-settings=\"{&quot;youtube_url&quot;:&quot;https:\\\/\\\/www.youtube.com\\\/watch?v=lhbL2JfT57o&quot;,&quot;autoplay&quot;:&quot;yes&quot;,&quot;play_on_mobile&quot;:&quot;yes&quot;,&quot;loop&quot;:&quot;yes&quot;,&quot;video_type&quot;:&quot;youtube&quot;,&quot;controls&quot;:&quot;yes&quot;}\" data-widget_type=\"video.default\">\n\t\t\t\t<div class=\"elementor-widget-container\">\n\t\t\t\t\t\t\t<div class=\"elementor-wrapper elementor-open-inline\">\n\t\t\t<div class=\"elementor-video\"><\/div>\t\t<\/div>\n\t\t\t\t\t\t<\/div>\n\t\t\t\t<\/div>\n\t\t\t\t\t<\/div>\n\t\t\t\t<\/div>\n\t\t<div class=\"elementor-element elementor-element-f913bb3 e-grid e-con-boxed e-con e-parent\" data-id=\"f913bb3\" data-element_type=\"container\" data-e-type=\"container\">\n\t\t\t\t\t<div class=\"e-con-inner\">\n\t\t\t\t<div class=\"elementor-element elementor-element-b9dbd58 elementor-widget elementor-widget-heading\" data-id=\"b9dbd58\" data-element_type=\"widget\" data-e-type=\"widget\" data-widget_type=\"heading.default\">\n\t\t\t\t<div class=\"elementor-widget-container\">\n\t\t\t\t\t<h2 class=\"elementor-heading-title elementor-size-default\"><h1>Sponsors &amp; Partenaires Officiels<\/h1><\/h2>\t\t\t\t<\/div>\n\t\t\t\t<\/div>\n\t\t\t\t<div class=\"elementor-element elementor-element-3826b4e elementor-widget elementor-widget-text-editor\" data-id=\"3826b4e\" data-element_type=\"widget\" data-e-type=\"widget\" data-widget_type=\"text-editor.default\">\n\t\t\t\t<div class=\"elementor-widget-container\">\n\t\t\t\t\t\t\t\t\t<p>Voici les acteurs essentiels qui soutiennent <strong data-start=\"258\" data-end=\"277\">Les Reptiliades<\/strong> \u2014 des experts passionn\u00e9s, des structures locales, des marques et institutions engag\u00e9es :<\/p>\t\t\t\t\t\t\t\t<\/div>\n\t\t\t\t<\/div>\n\t\t\t\t\t<\/div>\n\t\t\t\t<\/div>\n\t\t<div class=\"elementor-element elementor-element-c31cbad e-grid e-con-boxed e-con e-parent\" data-id=\"c31cbad\" data-element_type=\"container\" data-e-type=\"container\">\n\t\t\t\t\t<div class=\"e-con-inner\">\n\t\t\t\t<div class=\"elementor-element elementor-element-bc855d6 elementor-widget elementor-widget-text-editor\" data-id=\"bc855d6\" data-element_type=\"widget\" data-e-type=\"widget\" data-widget_type=\"text-editor.default\">\n\t\t\t\t<div class=\"elementor-widget-container\">\n\t\t\t\t\t\t\t\t\t<h3 data-start=\"3840\" data-end=\"3856\"><a href=\"https:\/\/expoanimo.fr\/\" target=\"_blank\" rel=\"noopener\">An\u00eem\u2019O<\/a><\/h3><p data-start=\"3857\" data-end=\"4121\"><a href=\"_wp_link_placeholder\"><strong data-start=\"3857\" data-end=\"3878\">C\u0153ur d\u2019activit\u00e9 :<\/strong> Organisateur d\u2019\u00e9v\u00e9nements li\u00e9s aux animaux exotiques et \u00e0 la nature (Reptiliades, animations p\u00e9dagogiques).<\/a><\/p>\t\t\t\t\t\t\t\t<\/div>\n\t\t\t\t<\/div>\n\t\t\t\t<div class=\"elementor-element elementor-element-0fe2964 elementor-widget elementor-widget-text-editor\" data-id=\"0fe2964\" data-element_type=\"widget\" data-e-type=\"widget\" data-widget_type=\"text-editor.default\">\n\t\t\t\t<div class=\"elementor-widget-container\">\n\t\t\t\t\t\t\t\t\t<h3 data-start=\"3468\" data-end=\"3497\"><a href=\"https:\/\/zoomed.com\/\" target=\"_blank\" rel=\"noopener\">Zoomed Laboratories<\/a><\/h3><p data-start=\"3498\" data-end=\"3838\"><a href=\"_wp_link_placeholder\"><strong data-start=\"3498\" data-end=\"3519\">C\u0153ur d\u2019activit\u00e9 :<\/strong> Fabricant am\u00e9ricain de produits pour reptiles, amphibiens, oiseaux, poissons et petits mammif\u00e8res.<\/a><\/p>\t\t\t\t\t\t\t\t<\/div>\n\t\t\t\t<\/div>\n\t\t\t\t<div class=\"elementor-element elementor-element-3988bec elementor-widget elementor-widget-text-editor\" data-id=\"3988bec\" data-element_type=\"widget\" data-e-type=\"widget\" data-widget_type=\"text-editor.default\">\n\t\t\t\t<div class=\"elementor-widget-container\">\n\t\t\t\t\t\t\t\t\t<h3 data-start=\"3241\" data-end=\"3266\"><a href=\"https:\/\/www.aquariumsystems.fr\/reptile-systems-materiel-pour-terrariums-en-ligne-c102x3782471\" target=\"_blank\" rel=\"noopener\">Reptile Systems<\/a><\/h3><p data-start=\"3267\" data-end=\"3466\"><a href=\"_wp_link_placeholder\"><strong data-start=\"3267\" data-end=\"3288\">C\u0153ur d\u2019activit\u00e9 :<\/strong> \u00c9quipements pour terrariums (\u00e9clairage, chaleur, accessoires).<\/a><\/p>\t\t\t\t\t\t\t\t<\/div>\n\t\t\t\t<\/div>\n\t\t\t\t<div class=\"elementor-element elementor-element-84a5277 elementor-widget elementor-widget-text-editor\" data-id=\"84a5277\" data-element_type=\"widget\" data-e-type=\"widget\" data-widget_type=\"text-editor.default\">\n\t\t\t\t<div class=\"elementor-widget-container\">\n\t\t\t\t\t\t\t\t\t<h3 data-start=\"2997\" data-end=\"3018\"><a href=\"https:\/\/ventreaterre.com\/\" target=\"_blank\" rel=\"noopener\">Reptile Bar<\/a><\/h3><p data-start=\"3019\" data-end=\"3239\"><a href=\"_wp_link_placeholder\"><strong data-start=\"3019\" data-end=\"3040\">C\u0153ur d\u2019activit\u00e9 :<\/strong> Fournisseur d\u2019alimentation (rongeurs congel\u00e9s, insectes, compl\u00e9ments) pour reptiles.<\/a><\/p>\t\t\t\t\t\t\t\t<\/div>\n\t\t\t\t<\/div>\n\t\t\t\t<div class=\"elementor-element elementor-element-4d9f3ae elementor-widget elementor-widget-text-editor\" data-id=\"4d9f3ae\" data-element_type=\"widget\" data-e-type=\"widget\" data-widget_type=\"text-editor.default\">\n\t\t\t\t<div class=\"elementor-widget-container\">\n\t\t\t\t\t\t\t\t\t<h3 data-start=\"2718\" data-end=\"2740\"><a href=\"https:\/\/ventreaterre.com\/\" target=\"_blank\" rel=\"noopener\">Objectif Gard<\/a><\/h3><p data-start=\"2741\" data-end=\"2995\"><a href=\"_wp_link_placeholder\"><strong data-start=\"2741\" data-end=\"2762\">C\u0153ur d\u2019activit\u00e9 :<\/strong> M\u00e9dia local couvrant l\u2019actualit\u00e9, la culture et les \u00e9v\u00e9nements dans le d\u00e9partement du Gard.<\/a><\/p>\t\t\t\t\t\t\t\t<\/div>\n\t\t\t\t<\/div>\n\t\t\t\t<div class=\"elementor-element elementor-element-d9969a3 elementor-widget elementor-widget-text-editor\" data-id=\"d9969a3\" data-element_type=\"widget\" data-e-type=\"widget\" data-widget_type=\"text-editor.default\">\n\t\t\t\t<div class=\"elementor-widget-container\">\n\t\t\t\t\t\t\t\t\t<h3 data-start=\"2394\" data-end=\"2416\"><a href=\"https:\/\/designforest.fr\/V2\/\" target=\"_blank\" rel=\"noopener\">Design Forest<\/a><\/h3><p data-start=\"2417\" data-end=\"2716\"><strong data-start=\"2417\" data-end=\"2438\">C\u0153ur d\u2019activit\u00e9 :<\/strong> Service complet de la cr\u00e9ation sur mesure \u00e0 l&#8217;entretien annuel &#8211; environnements bioactifs (for\u00eats tropicales, etc.)<\/p>\t\t\t\t\t\t\t\t<\/div>\n\t\t\t\t<\/div>\n\t\t\t\t<div class=\"elementor-element elementor-element-0de2b02 elementor-widget elementor-widget-text-editor\" data-id=\"0de2b02\" data-element_type=\"widget\" data-e-type=\"widget\" data-widget_type=\"text-editor.default\">\n\t\t\t\t<div class=\"elementor-widget-container\">\n\t\t\t\t\t\t\t\t\t<h3 data-start=\"2086\" data-end=\"2105\"><a href=\"https:\/\/www.giganterra.com\/\" target=\"_blank\" rel=\"noopener\">Gigan<\/a><br \/><a href=\"_wp_link_placeholder\">Terra<\/a><\/h3><p data-start=\"2106\" data-end=\"2392\"><a href=\"_wp_link_placeholder\"><strong data-start=\"2106\" data-end=\"2127\">C\u0153ur d\u2019activit\u00e9 :<\/strong> D\u00e9corations en r\u00e9sine, terrariums en acrylique et accessoires esth\u00e9tiques pour terrariums.<\/a><\/p>\t\t\t\t\t\t\t\t<\/div>\n\t\t\t\t<\/div>\n\t\t\t\t<div class=\"elementor-element elementor-element-c012dc7 elementor-widget elementor-widget-text-editor\" data-id=\"c012dc7\" data-element_type=\"widget\" data-e-type=\"widget\" data-widget_type=\"text-editor.default\">\n\t\t\t\t<div class=\"elementor-widget-container\">\n\t\t\t\t\t\t\t\t\t<h3 data-start=\"1764\" data-end=\"1784\"><a href=\"https:\/\/terra-delta.com\/\" target=\"_blank\" rel=\"noopener\">Terra Delta<\/a><\/h3><p data-start=\"1785\" data-end=\"2084\"><a href=\"_wp_link_placeholder\"><strong data-start=\"1785\" data-end=\"1806\">C\u0153ur d\u2019activit\u00e9 :<\/strong> Conception et fabrication de terrariums en plastique rotomoul\u00e9, en collaboration entre plasturgie et \u00e9leveurs de reptiles.<\/a><\/p>\t\t\t\t\t\t\t\t<\/div>\n\t\t\t\t<\/div>\n\t\t\t\t\t<\/div>\n\t\t\t\t<\/div>\n\t\t<div class=\"elementor-element elementor-element-213ecae e-grid e-con-boxed e-con e-parent\" data-id=\"213ecae\" data-element_type=\"container\" data-e-type=\"container\">\n\t\t\t\t\t<div class=\"e-con-inner\">\n\t\t\t\t<div class=\"elementor-element elementor-element-74a0451 elementor-widget elementor-widget-text-editor\" data-id=\"74a0451\" data-element_type=\"widget\" data-e-type=\"widget\" data-widget_type=\"text-editor.default\">\n\t\t\t\t<div class=\"elementor-widget-container\">\n\t\t\t\t\t\t\t\t\t<h3 data-start=\"1519\" data-end=\"1535\"><a href=\"https:\/\/arcadiareptile.com\/fr\/\" target=\"_blank\" rel=\"noopener\">Arcadia<\/a><\/h3><p data-start=\"1536\" data-end=\"1762\"><a href=\"_wp_link_placeholder\"><strong data-start=\"1536\" data-end=\"1557\">C\u0153ur d\u2019activit\u00e9 :<\/strong> Marque sp\u00e9cialis\u00e9e dans l\u2019\u00e9quipement d\u2019\u00e9clairage UV pour la terrariophilie.<\/a><\/p>\t\t\t\t\t\t\t\t<\/div>\n\t\t\t\t<\/div>\n\t\t\t\t<div class=\"elementor-element elementor-element-2d09f55 elementor-widget elementor-widget-text-editor\" data-id=\"2d09f55\" data-element_type=\"widget\" data-e-type=\"widget\" data-widget_type=\"text-editor.default\">\n\t\t\t\t<div class=\"elementor-widget-container\">\n\t\t\t\t\t\t\t\t\t<h3 data-start=\"1200\" data-end=\"1218\"><a href=\"https:\/\/exo-terra.com\/fr\/\" target=\"_blank\" rel=\"noopener\">Exo Terra<\/a><\/h3><p data-start=\"1219\" data-end=\"1517\"><a href=\"_wp_link_placeholder\"><strong data-start=\"1219\" data-end=\"1240\">C\u0153ur d\u2019activit\u00e9 :<\/strong> Terrariums, accessoires, \u00e9quipements d\u2019\u00e9clairage et chauffage pour reptiles et amphibiens.<\/a><\/p>\t\t\t\t\t\t\t\t<\/div>\n\t\t\t\t<\/div>\n\t\t\t\t<div class=\"elementor-element elementor-element-80a1fae elementor-widget elementor-widget-text-editor\" data-id=\"80a1fae\" data-element_type=\"widget\" data-e-type=\"widget\" data-widget_type=\"text-editor.default\">\n\t\t\t\t<div class=\"elementor-widget-container\">\n\t\t\t\t\t\t\t\t\t<h3 data-start=\"905\" data-end=\"957\"><a href=\"https:\/\/www.lafermeauxcrocodiles.com\/?gad_source=1&amp;gad_campaignid=20933183753&amp;gbraid=0AAAAADNTjuv9dGmBktWGKn0Ehzhy1fyMT&amp;gclid=Cj0KCQjwoP_FBhDFARIsANPG24MrnHIXb-KQq37VsRwUi2Mztb9ShiLZ3DsTDWEjbTwX00lfhKnk1XsaAoWbEALw_wcB#convious\" target=\"_blank\" rel=\"noopener\">La Ferme aux Crocodiles \u2013 R\u00e9serve Tropicale<\/a><\/h3><p data-start=\"958\" data-end=\"1198\"><a href=\"_wp_link_placeholder\"><strong data-start=\"958\" data-end=\"979\">C\u0153ur d\u2019activit\u00e9 :<\/strong> Parc zoologique d\u00e9di\u00e9 aux crocodiles et aux environnements tropicaux.<\/a><\/p>\t\t\t\t\t\t\t\t<\/div>\n\t\t\t\t<\/div>\n\t\t\t\t<div class=\"elementor-element elementor-element-bbcb3cd elementor-widget elementor-widget-text-editor\" data-id=\"bbcb3cd\" data-element_type=\"widget\" data-e-type=\"widget\" data-widget_type=\"text-editor.default\">\n\t\t\t\t<div class=\"elementor-widget-container\">\n\t\t\t\t\t\t\t\t\t<h3 data-start=\"631\" data-end=\"651\"><a href=\"https:\/\/fgreptiles.eu\/\" target=\"_blank\" rel=\"noopener\">FG Reptiles<\/a><\/h3><p data-start=\"652\" data-end=\"903\"><a href=\"_wp_link_placeholder\"><strong data-start=\"652\" data-end=\"673\">C\u0153ur d\u2019activit\u00e9 :<\/strong> \u00c9levage professionnel fran\u00e7ais de\u00a0<em>reptiles<\/em>, serpents, l\u00e9zards, insectes. Mat\u00e9riel, accessoires, \u00e9quipements.<\/a><\/p>\t\t\t\t\t\t\t\t<\/div>\n\t\t\t\t<\/div>\n\t\t\t\t<div class=\"elementor-element elementor-element-0fb3fea elementor-widget elementor-widget-text-editor\" data-id=\"0fb3fea\" data-element_type=\"widget\" data-e-type=\"widget\" data-widget_type=\"text-editor.default\">\n\t\t\t\t<div class=\"elementor-widget-container\">\n\t\t\t\t\t\t\t\t\t<h3 data-start=\"373\" data-end=\"395\"><a href=\"https:\/\/teccharpente.com\/\" target=\"_blank\" rel=\"noopener\">TEC Charpente<\/a><\/h3><p data-start=\"396\" data-end=\"629\"><a href=\"_wp_link_placeholder\"><strong data-start=\"396\" data-end=\"417\">C\u0153ur d\u2019activit\u00e9 :<\/strong> Charpente traditionnelle et construction bois.<\/a><\/p>\t\t\t\t\t\t\t\t<\/div>\n\t\t\t\t<\/div>\n\t\t\t\t\t<\/div>\n\t\t\t\t<\/div>\n\t\t<div class=\"elementor-element elementor-element-27aa7b2 e-grid e-con-boxed e-con e-parent\" data-id=\"27aa7b2\" data-element_type=\"container\" data-e-type=\"container\">\n\t\t\t\t\t<div class=\"e-con-inner\">\n\t\t\t\t<div class=\"elementor-element elementor-element-02e9b9f elementor-widget elementor-widget-heading\" data-id=\"02e9b9f\" data-element_type=\"widget\" data-e-type=\"widget\" data-widget_type=\"heading.default\">\n\t\t\t\t<div class=\"elementor-widget-container\">\n\t\t\t\t\t<h2 class=\"elementor-heading-title elementor-size-default\"><h1>Liste des exposants<\/h1> \u00e0 suivre !<\/h2>\t\t\t\t<\/div>\n\t\t\t\t<\/div>\n\t\t\t\t\t<\/div>\n\t\t\t\t<\/div>\n\t\t\t\t<\/div>\n\t\t","protected":false},"excerpt":{"rendered":"<p>Les reptiliades \u2013 n\u00eemes, gard\u200b Les Reptiliades reviennent les 17 &hellip;<\/p>\n","protected":false},"author":1,"featured_media":376,"parent":0,"menu_order":2,"comment_status":"closed","ping_status":"closed","template":"","meta":{"om_disable_all_campaigns":false,"_monsterinsights_skip_tracking":false,"_monsterinsights_sitenote_active":false,"_monsterinsights_sitenote_note":"","_monsterinsights_sitenote_category":0,"_uf_show_specific_survey":0,"_uf_disable_surveys":false,"footnotes":""},"class_list":["post-335","page","type-page","status-publish","has-post-thumbnail","hentry"],"aioseo_notices":[],"_links":{"self":[{"href":"https:\/\/expoanimo.fr\/index.php?rest_route=\/wp\/v2\/pages\/335","targetHints":{"allow":["GET"]}}],"collection":[{"href":"https:\/\/expoanimo.fr\/index.php?rest_route=\/wp\/v2\/pages"}],"about":[{"href":"https:\/\/expoanimo.fr\/index.php?rest_route=\/wp\/v2\/types\/page"}],"author":[{"embeddable":true,"href":"https:\/\/expoanimo.fr\/index.php?rest_route=\/wp\/v2\/users\/1"}],"replies":[{"embeddable":true,"href":"https:\/\/expoanimo.fr\/index.php?rest_route=%2Fwp%2Fv2%2Fcomments&post=335"}],"version-history":[{"count":195,"href":"https:\/\/expoanimo.fr\/index.php?rest_route=\/wp\/v2\/pages\/335\/revisions"}],"predecessor-version":[{"id":1628,"href":"https:\/\/expoanimo.fr\/index.php?rest_route=\/wp\/v2\/pages\/335\/revisions\/1628"}],"wp:featuredmedia":[{"embeddable":true,"href":"https:\/\/expoanimo.fr\/index.php?rest_route=\/wp\/v2\/media\/376"}],"wp:attachment":[{"href":"https:\/\/expoanimo.fr\/index.php?rest_route=%2Fwp%2Fv2%2Fmedia&parent=335"}],"curies":[{"name":"wp","href":"https:\/\/api.w.org\/{rel}","templated":true}]}}