{"id":154,"date":"2019-09-19T22:17:21","date_gmt":"2019-09-19T20:17:21","guid":{"rendered":"http:\/\/expoanimo.fr\/?page_id=154"},"modified":"2025-03-26T14:37:08","modified_gmt":"2025-03-26T13:37:08","slug":"devenez-exposant","status":"publish","type":"page","link":"https:\/\/expoanimo.fr\/?page_id=154","title":{"rendered":"Devenez exposant !"},"content":{"rendered":"\t\t<div data-elementor-type=\"wp-page\" data-elementor-id=\"154\" class=\"elementor elementor-154\">\n\t\t\t\t\t\t<section class=\"elementor-section elementor-top-section elementor-element elementor-element-b4e08be elementor-section-boxed elementor-section-height-default elementor-section-height-default\" data-id=\"b4e08be\" data-element_type=\"section\" data-e-type=\"section\">\n\t\t\t\t\t\t<div class=\"elementor-container elementor-column-gap-default\">\n\t\t\t\t\t<div class=\"elementor-column elementor-col-100 elementor-top-column elementor-element elementor-element-2820181\" data-id=\"2820181\" data-element_type=\"column\" data-e-type=\"column\">\n\t\t\t<div class=\"elementor-widget-wrap elementor-element-populated\">\n\t\t\t\t\t\t<div class=\"elementor-element elementor-element-2b60116 elementor-widget elementor-widget-text-editor\" data-id=\"2b60116\" data-element_type=\"widget\" data-e-type=\"widget\" data-widget_type=\"text-editor.default\">\n\t\t\t\t<div class=\"elementor-widget-container\">\n\t\t\t\t\t\t\t\t\t<style id=\"wpforms-css-vars-187\">\n\t\t\t\t#wpforms-187 {\n\t\t\t\t--wpforms-field-size-input-height: 43px;\n--wpforms-field-size-input-spacing: 15px;\n--wpforms-field-size-font-size: 16px;\n--wpforms-field-size-line-height: 19px;\n--wpforms-field-size-padding-h: 14px;\n--wpforms-field-size-checkbox-size: 16px;\n--wpforms-field-size-sublabel-spacing: 5px;\n--wpforms-field-size-icon-size: 1;\n--wpforms-label-size-font-size: 16px;\n--wpforms-label-size-line-height: 19px;\n--wpforms-label-size-sublabel-font-size: 14px;\n--wpforms-label-size-sublabel-line-height: 17px;\n--wpforms-button-size-font-size: 17px;\n--wpforms-button-size-height: 41px;\n--wpforms-button-size-padding-h: 15px;\n--wpforms-button-size-margin-top: 10px;\n--wpforms-container-shadow-size-box-shadow: none;\n\t\t\t}\n\t\t\t<\/style><div class=\"wpforms-container wpforms-container-full wpforms-render-modern\" id=\"wpforms-187\"><form id=\"wpforms-form-187\" class=\"wpforms-validate wpforms-form\" data-formid=\"187\" method=\"post\" enctype=\"multipart\/form-data\" action=\"\/index.php?rest_route=%2Fwp%2Fv2%2Fpages%2F154\" data-token=\"3c210f69b3b136db2583afb65d55186d\" data-token-time=\"1778070394\"><noscript class=\"wpforms-error-noscript\">Veuillez activer JavaScript dans votre navigateur pour remplir ce formulaire.<\/noscript><div id=\"wpforms-error-noscript\" style=\"display: none;\">Veuillez activer JavaScript dans votre navigateur pour remplir ce formulaire.<\/div><div class=\"wpforms-field-container\"><div id=\"wpforms-187-field_0-container\" class=\"wpforms-field wpforms-field-name\" data-field-type=\"name\" data-field-id=\"0\"><fieldset><legend class=\"wpforms-field-label\">Qui \u00eates-vous ? <span class=\"wpforms-required-label\" aria-hidden=\"true\">*<\/span><\/legend><div class=\"wpforms-field-row wpforms-field-medium\"><div class=\"wpforms-field-row-block wpforms-first wpforms-one-half\"><input type=\"text\" id=\"wpforms-187-field_0\" class=\"wpforms-field-name-first wpforms-field-required\" name=\"wpforms[fields][0][first]\" aria-errormessage=\"wpforms-187-field_0-error\" required><label for=\"wpforms-187-field_0\" class=\"wpforms-field-sublabel after\">Pr\u00e9nom<\/label><\/div><div class=\"wpforms-field-row-block wpforms-one-half\"><input type=\"text\" id=\"wpforms-187-field_0-last\" class=\"wpforms-field-name-last wpforms-field-required\" name=\"wpforms[fields][0][last]\" aria-errormessage=\"wpforms-187-field_0-last-error\" required><label for=\"wpforms-187-field_0-last\" class=\"wpforms-field-sublabel after\">Nom<\/label><\/div><\/div><\/fieldset><\/div><div id=\"wpforms-187-field_8-container\" class=\"wpforms-field wpforms-field-address\" data-field-type=\"address\" data-field-id=\"8\"><fieldset><legend class=\"wpforms-field-label\">Adresse<\/legend><div class=\"wpforms-field-row wpforms-field-medium\"><div ><input type=\"text\" id=\"wpforms-187-field_8\" class=\"wpforms-field-address-address1\" name=\"wpforms[fields][8][address1]\" aria-errormessage=\"wpforms-187-field_8-error\" ><label for=\"wpforms-187-field_8\" class=\"wpforms-field-sublabel after\">Adresse ligne\u00a01<\/label><\/div><\/div><div class=\"wpforms-field-row wpforms-field-medium\"><div ><input type=\"text\" id=\"wpforms-187-field_8-address2\" class=\"wpforms-field-address-address2\" name=\"wpforms[fields][8][address2]\" aria-errormessage=\"wpforms-187-field_8-address2-error\" ><label for=\"wpforms-187-field_8-address2\" class=\"wpforms-field-sublabel after\">Adresse ligne 2<\/label><\/div><\/div><div class=\"wpforms-field-row wpforms-field-medium\"><div class=\"wpforms-field-row-block wpforms-one-half wpforms-first\"><input type=\"text\" id=\"wpforms-187-field_8-city\" class=\"wpforms-field-address-city\" name=\"wpforms[fields][8][city]\" aria-errormessage=\"wpforms-187-field_8-city-error\" ><label for=\"wpforms-187-field_8-city\" class=\"wpforms-field-sublabel after\">Ville<\/label><\/div><div class=\"wpforms-field-row-block wpforms-one-half\"><input type=\"text\" id=\"wpforms-187-field_8-state\" class=\"wpforms-field-address-state\" name=\"wpforms[fields][8][state]\" aria-errormessage=\"wpforms-187-field_8-state-error\" ><label for=\"wpforms-187-field_8-state\" class=\"wpforms-field-sublabel after\">\u00c9tat \/ Province \/ R\u00e9gion<\/label><\/div><\/div><\/fieldset><\/div><div id=\"wpforms-187-field_1-container\" class=\"wpforms-field wpforms-field-email\" data-field-type=\"email\" data-field-id=\"1\"><label class=\"wpforms-field-label\" for=\"wpforms-187-field_1\">E-mail <span class=\"wpforms-required-label\" aria-hidden=\"true\">*<\/span><\/label><input type=\"email\" id=\"wpforms-187-field_1\" class=\"wpforms-field-medium wpforms-field-required\" name=\"wpforms[fields][1]\" spellcheck=\"false\" aria-errormessage=\"wpforms-187-field_1-error\" required><\/div><div id=\"wpforms-187-field_7-container\" class=\"wpforms-field wpforms-field-phone\" data-field-type=\"phone\" data-field-id=\"7\"><label class=\"wpforms-field-label\" for=\"wpforms-187-field_7\">T\u00e9l\u00e9phone <span class=\"wpforms-required-label\" aria-hidden=\"true\">*<\/span><\/label><input type=\"tel\" id=\"wpforms-187-field_7\" class=\"wpforms-field-medium wpforms-field-required wpforms-smart-phone-field\" data-rule-smart-phone-field=\"true\" name=\"wpforms[fields][7]\" aria-label=\"T\u00e9l\u00e9phone\" aria-errormessage=\"wpforms-187-field_7-error\" required><\/div><div id=\"wpforms-187-field_12-container\" class=\"wpforms-field wpforms-field-checkbox\" data-field-type=\"checkbox\" data-field-id=\"12\"><fieldset><legend class=\"wpforms-field-label\">Pour quel \u00e9v\u00e9nement ? <span class=\"wpforms-required-label\" aria-hidden=\"true\">*<\/span><\/legend><ul id=\"wpforms-187-field_12\" class=\"wpforms-field-required\" data-choice-limit=\"2\"><li class=\"choice-1 depth-1\"><input type=\"checkbox\" id=\"wpforms-187-field_12_1\" data-rule-check-limit=\"true\" name=\"wpforms[fields][12][]\" value=\"Les Reptiliades - N\u00eemes, Gard\" aria-errormessage=\"wpforms-187-field_12_1-error\" aria-describedby=\"wpforms-187-field_12-description\" required ><label class=\"wpforms-field-label-inline\" for=\"wpforms-187-field_12_1\">Les Reptiliades &#8211; N\u00eemes, Gard<\/label><\/li><li class=\"choice-2 depth-1\"><input type=\"checkbox\" id=\"wpforms-187-field_12_2\" data-rule-check-limit=\"true\" name=\"wpforms[fields][12][]\" value=\"Les Reptiliarras - Arras, Pas-de-Calais\" aria-errormessage=\"wpforms-187-field_12_2-error\" aria-describedby=\"wpforms-187-field_12-description\" required ><label class=\"wpforms-field-label-inline\" for=\"wpforms-187-field_12_2\">Les Reptiliarras &#8211; Arras, Pas-de-Calais<\/label><\/li><\/ul><div id=\"wpforms-187-field_12-description\" class=\"wpforms-field-description\">Exposant l&#8217;ann\u00e9e derni\u00e8re? merci de ne pas remplir ce formulaire !<\/div><\/fieldset><\/div><div id=\"wpforms-187-field_43-container\" class=\"wpforms-field wpforms-field-content\" data-field-type=\"content\" data-field-id=\"43\"><div id=\"wpforms-187-field_43\" class=\"wpforms-field-large wpforms-field-row\" aria-errormessage=\"wpforms-187-field_43-error\"><h4>Vous souhaitez rejoindre l\u2019exp\u00e9rience des Reptiliades ou des Reptiliarras, n\u2019h\u00e9sitez plus et discutons ensemble de votre projet.<br \/>\nDe la vente \u00e0 la pr\u00e9sentation p\u00e9dagogique tout est possible.<\/h4>\n<p>Vous souhaitez devenir exposant, vous \u00eates au bon endroit (exposant l&#8217;ann\u00e9e derni\u00e8re? merci de ne pas remplir ce formulaire et de lire le point N\u00b05). Pour comprendre notre fonctionnement, voici quelques \u00e9tapes du processus de recrutement :<\/p>\n<p>1. Remplir ce formulaire.<br \/>\n2. Apr\u00e8s r\u00e9ception, nous vous inscrivons sur la liste d&#8217;attente.<br \/>\n3. En fonction de la raret\u00e9 de ce que vous proposez (vivant, inerte, animations&#8230;), votre temps d&#8217;attente peut-\u00eatre consid\u00e9rablement raccourci.<br \/>\n4. Nous vous contactons si une place se lib\u00e8re suite \u00e0 une r\u00e9duction ou une annulation.<br \/>\n5. Lorsque vous \u00eates exposant, vous l&#8217;\u00eates \u00e0 vie (sauf si vous d\u00e9cidez d&#8217;arr\u00eater ou si il y a un probl\u00e8me).<\/p>\n<p>\u00catre exposant aux Reptiliades\/Reptiliarras c&#8217;est b\u00e9n\u00e9ficier :<\/p>\n<p>&#8211; d\u2019une visibilit\u00e9 : profitez d\u2019une plateforme m\u00e9diatique, g\u00e9n\u00e9rant une couverture europ\u00e9enne pour votre marque et vos innovations.<\/p>\n<p>&#8211; d\u2019un rendez-vous privil\u00e9gi\u00e9 : rencontrez et fid\u00e9lisez vos clients gr\u00e2ce \u00e0 un programme d\u2019animations in\u00e9dit sp\u00e9cialement con\u00e7u pour les passionn\u00e9s et les curieux de l\u2019univers terrariophile, et bien plus encore.<\/p>\n<p>&#8211; d\u2019un r\u00e9seau d\u2019influence : \u00e9tablissez des connexions avec des d\u00e9cideurs et des experts du secteur, d\u00e9veloppez des partenariats strat\u00e9giques et \u00e9tendez votre r\u00e9seau professionnel.<\/p>\n<p>&#8211; d\u2019un vivier de tendances : soyez \u00e0 l\u2019avant-garde pour d\u00e9couvrir les derni\u00e8res tendances, technologies et progr\u00e8s au sein de la communaut\u00e9 terrariophile et de son \u00e9cosyst\u00e8me passionnant.<\/p>\n<p>Inscrivez-vous sur la liste d\u2019attente : nous sommes perp\u00e9tuellement \u00e0 la recherche de notre p\u00e9pite. Plus ce que vous faites est in\u00e9dit et rare, plus vous \u00eates susceptible d\u2019\u00eatre exposant et rapidement.<\/p>\n<div class=\"wpforms-field-content-display-frontend-clear\"><\/div><\/div><\/div><div id=\"wpforms-187-field_33-container\" class=\"wpforms-field wpforms-field-layout\" data-field-type=\"layout\" data-field-id=\"33\"><div class=\"wpforms-field-layout-rows wpforms-field-large\"><div class=\"wpforms-layout-row\"><div class=\"wpforms-layout-column wpforms-layout-column-50\"><div id=\"wpforms-187-field_2-container\" class=\"wpforms-field wpforms-field-textarea\" data-field-type=\"textarea\" data-field-id=\"2\"><label class=\"wpforms-field-label\" for=\"wpforms-187-field_2\">Vendez-vous des animaux ? <span class=\"wpforms-required-label\" aria-hidden=\"true\">*<\/span><\/label><textarea id=\"wpforms-187-field_2\" class=\"wpforms-field-medium wpforms-field-required\" name=\"wpforms[fields][2]\" aria-errormessage=\"wpforms-187-field_2-error\" aria-describedby=\"wpforms-187-field_2-description\" required><\/textarea><div id=\"wpforms-187-field_2-description\" class=\"wpforms-field-description\">Merci de pr\u00e9ciser les esp\u00e8ces <\/div><\/div><\/div><div class=\"wpforms-layout-column wpforms-layout-column-50\"><div id=\"wpforms-187-field_3-container\" class=\"wpforms-field wpforms-field-textarea\" data-field-type=\"textarea\" data-field-id=\"3\"><label class=\"wpforms-field-label\" for=\"wpforms-187-field_3\">Vendez-vous du mat\u00e9riel ? <span class=\"wpforms-required-label\" aria-hidden=\"true\">*<\/span><\/label><textarea id=\"wpforms-187-field_3\" class=\"wpforms-field-medium wpforms-field-required\" name=\"wpforms[fields][3]\" aria-errormessage=\"wpforms-187-field_3-error\" aria-describedby=\"wpforms-187-field_3-description\" required><\/textarea><div id=\"wpforms-187-field_3-description\" class=\"wpforms-field-description\">Merci de d\u00e9tailler votre activit\u00e9 <\/div><\/div><\/div><\/div><div class=\"wpforms-layout-row\"><div class=\"wpforms-layout-column wpforms-layout-column-50\"><div id=\"wpforms-187-field_36-container\" class=\"wpforms-field wpforms-field-number-slider\" data-field-type=\"number-slider\" data-field-id=\"36\"><label class=\"wpforms-field-label\" for=\"wpforms-187-field_36\">Besoin en m\u00e9trage :<\/label>\n<input\n\ttype=\"range\"\n\tid=\"wpforms-187-field_36\" class=\"wpforms-field-medium\" name=\"wpforms[fields][36]\" value=\"1\" aria-errormessage=\"wpforms-187-field_36-error\"\t\tmin=\"1\"\n\tmax=\"50\"\n\tstep=\"1\">\n\n<div class=\"wpforms-field-number-slider-hint\"\n\tdata-hint=\"Valeur s\u00e9lectionn\u00e9e\u00a0: {value}\">\n\tValeur s\u00e9lectionn\u00e9e\u00a0: <b>1<\/b><\/div>\n<\/div><\/div><div class=\"wpforms-layout-column wpforms-layout-column-50\"><div id=\"wpforms-187-field_11-container\" class=\"wpforms-field wpforms-field-textarea\" data-field-type=\"textarea\" data-field-id=\"11\"><label class=\"wpforms-field-label\" for=\"wpforms-187-field_11\">Quelle est votre demande ? (Merci de d\u00e9tailler votre projet, id\u00e9e) <span class=\"wpforms-required-label\" aria-hidden=\"true\">*<\/span><\/label><textarea id=\"wpforms-187-field_11\" class=\"wpforms-field-medium wpforms-field-required\" name=\"wpforms[fields][11]\" aria-errormessage=\"wpforms-187-field_11-error\" aria-describedby=\"wpforms-187-field_11-description\" required><\/textarea><div id=\"wpforms-187-field_11-description\" class=\"wpforms-field-description\">Merci de d\u00e9tailler votre projet, id\u00e9e &#8230;)<\/div><\/div><\/div><\/div><div class=\"wpforms-layout-row\"><div class=\"wpforms-layout-column wpforms-layout-column-50\"><div id=\"wpforms-187-field_5-container\" class=\"wpforms-field wpforms-field-checkbox\" data-field-type=\"checkbox\" data-field-id=\"5\"><fieldset><legend class=\"wpforms-field-label\">Etes-vous capacitaire ? <span class=\"wpforms-required-label\" aria-hidden=\"true\">*<\/span><\/legend><ul id=\"wpforms-187-field_5\" class=\"wpforms-field-required\"><li class=\"choice-1 depth-1\"><input type=\"checkbox\" id=\"wpforms-187-field_5_1\" name=\"wpforms[fields][5][]\" value=\"Oui\" aria-errormessage=\"wpforms-187-field_5_1-error\" required ><label class=\"wpforms-field-label-inline\" for=\"wpforms-187-field_5_1\">Oui<\/label><\/li><li class=\"choice-2 depth-1\"><input type=\"checkbox\" id=\"wpforms-187-field_5_2\" name=\"wpforms[fields][5][]\" value=\"Non\" aria-errormessage=\"wpforms-187-field_5_2-error\" required ><label class=\"wpforms-field-label-inline\" for=\"wpforms-187-field_5_2\">Non<\/label><\/li><\/ul><\/fieldset><\/div><\/div><div class=\"wpforms-layout-column wpforms-layout-column-50\"><div id=\"wpforms-187-field_26-container\" class=\"wpforms-field wpforms-field-checkbox\" data-field-type=\"checkbox\" data-field-id=\"26\"><fieldset><legend class=\"wpforms-field-label\">Quel est votre statut ?  <span class=\"wpforms-required-label\" aria-hidden=\"true\">*<\/span><\/legend><ul id=\"wpforms-187-field_26\" class=\"wpforms-field-required\"><li class=\"choice-1 depth-1\"><input type=\"checkbox\" id=\"wpforms-187-field_26_1\" name=\"wpforms[fields][26][]\" value=\"Particulier\" aria-errormessage=\"wpforms-187-field_26_1-error\" required ><label class=\"wpforms-field-label-inline\" for=\"wpforms-187-field_26_1\">Particulier<\/label><\/li><li class=\"choice-4 depth-1\"><input type=\"checkbox\" id=\"wpforms-187-field_26_4\" name=\"wpforms[fields][26][]\" value=\"Association\" aria-errormessage=\"wpforms-187-field_26_4-error\" required ><label class=\"wpforms-field-label-inline\" for=\"wpforms-187-field_26_4\">Association<\/label><\/li><li class=\"choice-2 depth-1\"><input type=\"checkbox\" id=\"wpforms-187-field_26_2\" name=\"wpforms[fields][26][]\" value=\"Auto Entreprise\" aria-errormessage=\"wpforms-187-field_26_2-error\" required ><label class=\"wpforms-field-label-inline\" for=\"wpforms-187-field_26_2\">Auto Entreprise<\/label><\/li><li class=\"choice-3 depth-1\"><input type=\"checkbox\" id=\"wpforms-187-field_26_3\" name=\"wpforms[fields][26][]\" value=\"Soci\u00e9t\u00e9 (SAS, EURL, SARL ...)\" aria-errormessage=\"wpforms-187-field_26_3-error\" required ><label class=\"wpforms-field-label-inline\" for=\"wpforms-187-field_26_3\">Soci\u00e9t\u00e9 (SAS, EURL, SARL &#8230;)<\/label><\/li><\/ul><\/fieldset><\/div><\/div><\/div><div class=\"wpforms-layout-row\"><div class=\"wpforms-layout-column wpforms-layout-column-50\"><\/div><div class=\"wpforms-layout-column wpforms-layout-column-50\"><div id=\"wpforms-187-field_9-container\" class=\"wpforms-field wpforms-field-gdpr-checkbox\" data-field-type=\"gdpr-checkbox\" data-field-id=\"9\"><label class=\"wpforms-field-label\">Accord RGPD <span class=\"wpforms-required-label\" aria-hidden=\"true\">*<\/span><\/label><ul id=\"wpforms-187-field_9\" class=\"wpforms-field-required\"><li class=\"choice-1\"><input type=\"checkbox\" id=\"wpforms-187-field_9_1\" name=\"wpforms[fields][9][]\" value=\"Je consens \u00e0 ce que ce site stocke mes informations envoy\u00e9es afin qu\u2019ils puissent r\u00e9pondre \u00e0 ma requ\u00eate.\" aria-errormessage=\"wpforms-187-field_9_1-error\" required ><label class=\"wpforms-field-label-inline\" for=\"wpforms-187-field_9_1\">Je consens \u00e0 ce que ce site stocke mes informations envoy\u00e9es afin qu\u2019ils puissent r\u00e9pondre \u00e0 ma requ\u00eate.<\/label><\/li><\/ul><\/div><\/div><\/div><\/div><\/div><\/div><!-- .wpforms-field-container --><div class=\"wpforms-field wpforms-field-hp\"><label for=\"wpforms-187-field-hp\" class=\"wpforms-field-label\">Email<\/label><input type=\"text\" name=\"wpforms[hp]\" id=\"wpforms-187-field-hp\" class=\"wpforms-field-medium\"><\/div><div class=\"wpforms-recaptcha-container wpforms-is-recaptcha wpforms-is-recaptcha-type-invisible\" ><div class=\"g-recaptcha\" data-sitekey=\"6LceDFUpAAAAANgfWpnIvw35Gx1jVYHoM-kdDRfd\" data-size=\"invisible\"><\/div><\/div><div class=\"wpforms-submit-container\" ><input type=\"hidden\" name=\"wpforms[id]\" value=\"187\"><input type=\"hidden\" name=\"page_title\" value=\"\"><input type=\"hidden\" name=\"page_url\" value=\"https:\/\/expoanimo.fr\/index.php?rest_route=\/wp\/v2\/pages\/154\"><input type=\"hidden\" name=\"url_referer\" value=\"\"><button type=\"submit\" name=\"wpforms[submit]\" id=\"wpforms-submit-187\" class=\"wpforms-submit\" data-alt-text=\"Envoi...\" data-submit-text=\"Envoyer\" aria-live=\"assertive\" value=\"wpforms-submit\">Envoyer<\/button><\/div><\/form><\/div>  <!-- .wpforms-container -->\t\t\t\t\t\t\t\t<\/div>\n\t\t\t\t<\/div>\n\t\t\t\t<div class=\"elementor-element elementor-element-6de4c80 elementor-widget elementor-widget-image\" data-id=\"6de4c80\" data-element_type=\"widget\" data-e-type=\"widget\" data-widget_type=\"image.default\">\n\t\t\t\t<div class=\"elementor-widget-container\">\n\t\t\t\t\t\t\t\t\t\t\t\t\t\t\t<img fetchpriority=\"high\" decoding=\"async\" width=\"768\" height=\"576\" src=\"https:\/\/expoanimo.fr\/wp-content\/uploads\/2024\/06\/IMG_4918-768x576.jpeg\" class=\"attachment-medium_large size-medium_large wp-image-881\" alt=\"\" srcset=\"https:\/\/expoanimo.fr\/wp-content\/uploads\/2024\/06\/IMG_4918-768x576.jpeg 768w, https:\/\/expoanimo.fr\/wp-content\/uploads\/2024\/06\/IMG_4918-300x225.jpeg 300w, https:\/\/expoanimo.fr\/wp-content\/uploads\/2024\/06\/IMG_4918-1024x768.jpeg 1024w, https:\/\/expoanimo.fr\/wp-content\/uploads\/2024\/06\/IMG_4918-1536x1152.jpeg 1536w, https:\/\/expoanimo.fr\/wp-content\/uploads\/2024\/06\/IMG_4918-2048x1536.jpeg 2048w, https:\/\/expoanimo.fr\/wp-content\/uploads\/2024\/06\/IMG_4918-400x300.jpeg 400w\" sizes=\"(max-width: 768px) 100vw, 768px\" \/>\t\t\t\t\t\t\t\t\t\t\t\t\t\t\t<\/div>\n\t\t\t\t<\/div>\n\t\t\t\t\t<\/div>\n\t\t<\/div>\n\t\t\t\t\t<\/div>\n\t\t<\/section>\n\t\t\t\t<\/div>\n\t\t","protected":false},"excerpt":{"rendered":"","protected":false},"author":1,"featured_media":156,"parent":0,"menu_order":4,"comment_status":"closed","ping_status":"closed","template":"","meta":{"om_disable_all_campaigns":false,"_monsterinsights_skip_tracking":false,"_monsterinsights_sitenote_active":false,"_monsterinsights_sitenote_note":"","_monsterinsights_sitenote_category":0,"_uf_show_specific_survey":0,"_uf_disable_surveys":false,"footnotes":""},"class_list":["post-154","page","type-page","status-publish","has-post-thumbnail","hentry"],"aioseo_notices":[],"_links":{"self":[{"href":"https:\/\/expoanimo.fr\/index.php?rest_route=\/wp\/v2\/pages\/154","targetHints":{"allow":["GET"]}}],"collection":[{"href":"https:\/\/expoanimo.fr\/index.php?rest_route=\/wp\/v2\/pages"}],"about":[{"href":"https:\/\/expoanimo.fr\/index.php?rest_route=\/wp\/v2\/types\/page"}],"author":[{"embeddable":true,"href":"https:\/\/expoanimo.fr\/index.php?rest_route=\/wp\/v2\/users\/1"}],"replies":[{"embeddable":true,"href":"https:\/\/expoanimo.fr\/index.php?rest_route=%2Fwp%2Fv2%2Fcomments&post=154"}],"version-history":[{"count":20,"href":"https:\/\/expoanimo.fr\/index.php?rest_route=\/wp\/v2\/pages\/154\/revisions"}],"predecessor-version":[{"id":1114,"href":"https:\/\/expoanimo.fr\/index.php?rest_route=\/wp\/v2\/pages\/154\/revisions\/1114"}],"wp:featuredmedia":[{"embeddable":true,"href":"https:\/\/expoanimo.fr\/index.php?rest_route=\/wp\/v2\/media\/156"}],"wp:attachment":[{"href":"https:\/\/expoanimo.fr\/index.php?rest_route=%2Fwp%2Fv2%2Fmedia&parent=154"}],"curies":[{"name":"wp","href":"https:\/\/api.w.org\/{rel}","templated":true}]}}