{"id":1487,"date":"2025-09-30T10:29:03","date_gmt":"2025-09-30T08:29:03","guid":{"rendered":"https:\/\/expoanimo.fr\/?page_id=1487"},"modified":"2026-03-23T15:07:09","modified_gmt":"2026-03-23T14:07:09","slug":"faq-foire-aux-questions-bien-etre-animal-reptiles","status":"publish","type":"page","link":"https:\/\/expoanimo.fr\/?page_id=1487","title":{"rendered":"Charte \u00e9thique, bien-\u00eatre animal pilier fondamental &#8211; FAQ"},"content":{"rendered":"\t\t<div data-elementor-type=\"wp-page\" data-elementor-id=\"1487\" class=\"elementor elementor-1487\">\n\t\t\t\t<div class=\"elementor-element elementor-element-b708926 e-flex e-con-boxed e-con e-parent\" data-id=\"b708926\" data-element_type=\"container\" data-e-type=\"container\">\n\t\t\t\t\t<div class=\"e-con-inner\">\n\t\t\t\t<div class=\"elementor-element elementor-element-53f1de0 elementor-widget elementor-widget-heading\" data-id=\"53f1de0\" data-element_type=\"widget\" data-e-type=\"widget\" data-widget_type=\"heading.default\">\n\t\t\t\t<div class=\"elementor-widget-container\">\n\t\t\t\t\t<h1 class=\"elementor-heading-title elementor-size-default\"><div class=\"wp-block-group alignfull ext editor:no-inserter has-background ext-my-0 ext-py-lg\">\n<h2 id=\"our-team\" class=\"wp-block-heading alignwide has-text-align-center has-ext-x-large-font-size ext-mt-0 ext-mb-base\">Charte \u00c9thique <\/span><\/b><\/h1>\t\t\t\t<\/div>\n\t\t\t\t<\/div>\n\t\t\t\t\t<\/div>\n\t\t\t\t<\/div>\n\t\t<div class=\"elementor-element elementor-element-4dd3c8f e-flex e-con-boxed e-con e-parent\" data-id=\"4dd3c8f\" data-element_type=\"container\" data-e-type=\"container\">\n\t\t\t\t\t<div class=\"e-con-inner\">\n\t\t\t\t<div class=\"elementor-element elementor-element-5c6288c elementor-widget elementor-widget-text-editor\" data-id=\"5c6288c\" data-element_type=\"widget\" data-e-type=\"widget\" data-widget_type=\"text-editor.default\">\n\t\t\t\t<div class=\"elementor-widget-container\">\n\t\t\t\t\t\t\t\t\t<p>Aux <b>Reptiliades<\/b>, le bien-\u00eatre animal, le respect de la r\u00e9glementation et la sensibilisation du public sont au c\u0153ur de notre action.<br \/>Chaque participant, exposant comme visiteur, contribue \u00e0 porter ces valeurs.<\/p>\t\t\t\t\t\t\t\t<\/div>\n\t\t\t\t<\/div>\n\t\t\t\t\t<\/div>\n\t\t\t\t<\/div>\n\t\t<div class=\"elementor-element elementor-element-64aff2e e-grid e-con-boxed e-con e-parent\" data-id=\"64aff2e\" data-element_type=\"container\" data-e-type=\"container\">\n\t\t\t\t\t<div class=\"e-con-inner\">\n\t\t\t\t<div class=\"elementor-element elementor-element-6da5366 elementor-widget elementor-widget-text-editor\" data-id=\"6da5366\" data-element_type=\"widget\" data-e-type=\"widget\" data-widget_type=\"text-editor.default\">\n\t\t\t\t<div class=\"elementor-widget-container\">\n\t\t\t\t\t\t\t\t\t<p class=\"MsoNormal\" style=\"margin: 0cm; font-size: 12pt; font-family: Calibri, sans-serif; color: #000000; font-style: normal; font-variant-ligatures: normal; font-variant-caps: normal; font-weight: 400; text-indent: 0px;\"><span data-mce-type=\"bookmark\" style=\"display: inline-block; width: 0px; overflow: hidden; line-height: 0;\" class=\"mce_SELRES_start\">\ufeff<\/span><b><span style=\"font-family: 'Century Gothic', sans-serif;\">Bien-\u00eatre animal avant tout<\/span><\/b><\/p><p class=\"MsoNormal\" style=\"margin: 0cm; font-size: 12pt; font-family: Calibri, sans-serif; color: #000000; font-style: normal; font-variant-ligatures: normal; font-variant-caps: normal; text-indent: 0px;\"><span style=\"font-size: 11pt; font-family: 'Century Gothic', sans-serif;\">Chaque \u00eatre vivant pr\u00e9sent sur le salon est h\u00e9berg\u00e9 dans des <b>conditions adapt\u00e9es<\/b> \u00e0 son esp\u00e8ce (temp\u00e9rature, humidit\u00e9, s\u00e9curit\u00e9).<br \/>Les <b>manipulations<\/b> sont limit\u00e9es afin de r\u00e9duire le stress et garantir leur tranquillit\u00e9. Elles peuvent \u00eatre rendues <b>possible<\/b> sur un espace d\u00e9di\u00e9 et encadr\u00e9 par des professionnels.<\/span><\/p>\t\t\t\t\t\t\t\t<\/div>\n\t\t\t\t<\/div>\n\t\t\t\t<div class=\"elementor-element elementor-element-e18d035 elementor-widget elementor-widget-text-editor\" data-id=\"e18d035\" data-element_type=\"widget\" data-e-type=\"widget\" data-widget_type=\"text-editor.default\">\n\t\t\t\t<div class=\"elementor-widget-container\">\n\t\t\t\t\t\t\t\t\t<p class=\"MsoNormal\" style=\"margin: 0cm; font-size: 12pt; font-family: Calibri, sans-serif; color: #000000; font-style: normal; font-variant-ligatures: normal; font-variant-caps: normal; font-weight: 400; text-indent: 0px;\"><b><span style=\"font-family: 'Century Gothic', sans-serif;\">Respect de la r\u00e9glementation<\/span><\/b><\/p>\n<p class=\"MsoNormal\" style=\"margin: 0cm; font-size: 12pt; font-family: Calibri, sans-serif; color: #000000; font-style: normal; font-variant-ligatures: normal; font-variant-caps: normal; font-weight: 400; text-indent: 0px;\"><span style=\"font-size: 11pt; font-family: 'Century Gothic', sans-serif;\">Tous les exposants et leurs animaux respectent la l\u00e9gislation fran\u00e7aise et europ\u00e9enne (CITES, certificats de capacit\u00e9, autorisations pr\u00e9fectorales).\nC\u2019est en respectant ce cadre strict que nous <strong>luttons contre le march\u00e9 noir et le braconnage<\/strong>.\t\t\t\t\t\t\t\t<\/div>\n\t\t\t\t<\/div>\n\t\t\t\t<div class=\"elementor-element elementor-element-6eebfd1 elementor-widget elementor-widget-text-editor\" data-id=\"6eebfd1\" data-element_type=\"widget\" data-e-type=\"widget\" data-widget_type=\"text-editor.default\">\n\t\t\t\t<div class=\"elementor-widget-container\">\n\t\t\t\t\t\t\t\t\t<p class=\"MsoNormal\" style=\"margin: 0cm; font-size: 12pt; font-family: Calibri, sans-serif; color: #000000; font-style: normal; font-variant-ligatures: normal; font-variant-caps: normal; font-weight: 400; text-indent: 0px;\"><b><span style=\"font-family: 'Century Gothic', sans-serif;\">Multiples contr\u00f4les et transparence<\/span><\/b><\/p><p class=\"MsoNormal\" style=\"margin: 0cm; font-size: 12pt; font-family: Calibri, sans-serif; color: #000000; font-style: normal; font-variant-ligatures: normal; font-variant-caps: normal; font-weight: 400; text-indent: 0px;\"><span style=\"font-size: 11pt; font-family: 'Century Gothic', sans-serif;\">Chaque animal et exposant passent par plusieurs filtres :<\/span><\/p><ol style=\"margin-bottom: 0cm; color: #000000; font-size: medium; font-style: normal; font-variant-ligatures: normal; font-variant-caps: normal; font-weight: 400;\" start=\"1\" type=\"1\"><li class=\"MsoNormal\" style=\"margin: 0cm; font-size: 12pt; font-family: Calibri, sans-serif;\"><b><span style=\"font-size: 11pt; font-family: 'Century Gothic', sans-serif;\">S\u00e9lection par les organisateurs<\/span><\/b><span style=\"font-size: 11pt; font-family: 'Century Gothic', sans-serif;\"> (r\u00e9f\u00e9rences, s\u00e9rieux, autorisations).<\/span><\/li><li class=\"MsoNormal\" style=\"margin: 0cm; font-size: 12pt; font-family: Calibri, sans-serif;\"><b><span style=\"font-size: 11pt; font-family: 'Century Gothic', sans-serif;\">V\u00e9rifications administratives<\/span><\/b><span style=\"font-size: 11pt; font-family: 'Century Gothic', sans-serif;\"> (documents l\u00e9gaux).<\/span><\/li><li class=\"MsoNormal\" style=\"margin: 0cm; font-size: 12pt; font-family: Calibri, sans-serif;\"><b><span style=\"font-size: 11pt; font-family: 'Century Gothic', sans-serif;\">Contr\u00f4le v\u00e9t\u00e9rinaire<\/span><\/b><span style=\"font-size: 11pt; font-family: 'Century Gothic', sans-serif;\"> \u00e0 l\u2019arriv\u00e9e et durant tout le week-end.<\/span><\/li><li class=\"MsoNormal\" style=\"margin: 0cm; font-size: 12pt; font-family: Calibri, sans-serif;\"><b><span style=\"font-size: 11pt; font-family: 'Century Gothic', sans-serif;\">Contr\u00f4les officiels<\/span><\/b><span style=\"font-size: 11pt; font-family: 'Century Gothic', sans-serif;\"> (DDPP et OFB).<\/span><\/li><li class=\"MsoNormal\" style=\"margin: 0cm; font-size: 12pt; font-family: Calibri, sans-serif;\"><b><span style=\"font-size: 11pt; font-family: 'Century Gothic', sans-serif;\">Surveillance interne<\/span><\/b><span style=\"font-size: 11pt; font-family: 'Century Gothic', sans-serif;\"> par l\u2019\u00e9quipe organisatrice tout au long de l\u2019\u00e9v\u00e9nement.<\/span><\/li><\/ol><p class=\"MsoNormal\" style=\"margin: 0cm; font-size: 12pt; color: #000000; font-style: normal; font-variant-ligatures: normal; font-variant-caps: normal; font-weight: 400; text-indent: 0px;\"><span style=\"font-size: 11pt;\"><span style=\"font-family: Apple Color Emoji;\"><br \/><\/span><span style=\"font-family: Century Gothic, sans-serif;\">Ces contr\u00f4les garantissent un cadre l\u00e9gal et \u00e9thique strict.<\/span><\/span><\/p>\t\t\t\t\t\t\t\t<\/div>\n\t\t\t\t<\/div>\n\t\t\t\t<div class=\"elementor-element elementor-element-33e8e44 elementor-widget elementor-widget-text-editor\" data-id=\"33e8e44\" data-element_type=\"widget\" data-e-type=\"widget\" data-widget_type=\"text-editor.default\">\n\t\t\t\t<div class=\"elementor-widget-container\">\n\t\t\t\t\t\t\t\t\t<p class=\"MsoNormal\" style=\"margin: 0cm; font-size: 12pt; font-family: Calibri, sans-serif; color: #000000; font-style: normal; font-variant-ligatures: normal; font-variant-caps: normal; font-weight: 400; text-indent: 0px;\"><b><span style=\"font-family: 'Century Gothic', sans-serif;\">P\u00e9dagogie et sensibilisation<\/span><\/b><\/p><p class=\"MsoNormal\" style=\"margin: 0cm; font-size: 12pt; font-family: Calibri, sans-serif; color: #000000; font-style: normal; font-variant-ligatures: normal; font-variant-caps: normal; font-weight: 400; text-indent: 0px;\"><span style=\"font-size: 11pt; font-family: 'Century Gothic', sans-serif;\">Nous savons que la premi\u00e8re impression peut surprendre.<br \/><br \/>C\u2019est pourquoi nous faisons de ce salon un lieu d\u2019<b>information, d\u2019initiation et de transmission<\/b>, pour aider le public \u00e0 d\u00e9passer les id\u00e9es re\u00e7ues sur les animaux en captivit\u00e9.<\/span><\/p>\t\t\t\t\t\t\t\t<\/div>\n\t\t\t\t<\/div>\n\t\t\t\t<div class=\"elementor-element elementor-element-e1fe63f elementor-widget elementor-widget-text-editor\" data-id=\"e1fe63f\" data-element_type=\"widget\" data-e-type=\"widget\" data-widget_type=\"text-editor.default\">\n\t\t\t\t<div class=\"elementor-widget-container\">\n\t\t\t\t\t\t\t\t\t<p class=\"MsoNormal\" style=\"margin: 0cm; font-size: 12pt; font-family: Calibri, sans-serif; color: #000000; font-style: normal; font-variant-ligatures: normal; font-variant-caps: normal; font-weight: 400; text-indent: 0px;\"><strong><span style=\"font-family: 'Century Gothic', sans-serif;\">Lutter contre l\u2019anthropomorphisme<\/span><\/strong><\/p><p class=\"MsoNormal\" style=\"margin: 0cm; font-size: 12pt; font-family: Calibri, sans-serif; color: #000000; font-style: normal; font-variant-ligatures: normal; font-variant-caps: normal; font-weight: 400; text-indent: 0px;\"><span style=\"font-size: 11pt; font-family: 'Century Gothic', sans-serif;\">Les reptiles n\u2019ont pas les m\u00eames besoins ni comportements que les mammif\u00e8res.<br \/>Nous expliquons leurs besoins r\u00e9els pour \u00e9viter les projections humaines qui peuvent nuire \u00e0 leur bien-\u00eatre et aux pratiques de terrariophilie.<\/span><\/p>\t\t\t\t\t\t\t\t<\/div>\n\t\t\t\t<\/div>\n\t\t\t\t<div class=\"elementor-element elementor-element-b21daba elementor-widget elementor-widget-text-editor\" data-id=\"b21daba\" data-element_type=\"widget\" data-e-type=\"widget\" data-widget_type=\"text-editor.default\">\n\t\t\t\t<div class=\"elementor-widget-container\">\n\t\t\t\t\t\t\t\t\t<p class=\"MsoNormal\" style=\"margin: 0cm; font-size: 12pt; font-family: Calibri, sans-serif; color: rgb(0, 0, 0); font-style: normal; font-variant-ligatures: normal; font-variant-caps: normal; font-weight: 400; text-indent: 0px;\"><b><span style=\"font-family: &quot;Century Gothic&quot;, sans-serif;\">Passion et responsabilit\u00e9<o:p><\/o:p><\/span><\/b><\/p><p class=\"MsoNormal\" style=\"margin: 0cm; font-size: 12pt; font-family: Calibri, sans-serif; color: rgb(0, 0, 0); font-style: normal; font-variant-ligatures: normal; font-variant-caps: normal; font-weight: 400; text-indent: 0px;\"><span style=\"font-size: 11pt; font-family: &quot;Century Gothic&quot;, sans-serif;\">Les reptiles <b>ne sont pas des marchandises<\/b>.<br>Chaque adoption est une d\u00e9marche r\u00e9fl\u00e9chie, encadr\u00e9e et accompagn\u00e9e de conseils.<br>Le salon favorise la <b>terrariophilie responsable et \u00e9thique<\/b>, en formant et informant les futurs propri\u00e9taires.<o:p><\/o:p><\/span><\/p>\t\t\t\t\t\t\t\t<\/div>\n\t\t\t\t<\/div>\n\t\t\t\t\t<\/div>\n\t\t\t\t<\/div>\n\t\t<div class=\"elementor-element elementor-element-f46d176 e-grid e-con-boxed e-con e-parent\" data-id=\"f46d176\" data-element_type=\"container\" data-e-type=\"container\">\n\t\t\t\t\t<div class=\"e-con-inner\">\n\t\t\t\t<div class=\"elementor-element elementor-element-8c17c92 elementor-widget elementor-widget-text-editor\" data-id=\"8c17c92\" data-element_type=\"widget\" data-e-type=\"widget\" data-widget_type=\"text-editor.default\">\n\t\t\t\t<div class=\"elementor-widget-container\">\n\t\t\t\t\t\t\t\t\t<p class=\"MsoNormal\" style=\"margin: 0cm; font-size: 12pt; font-family: Calibri, sans-serif; color: #000000; font-style: normal; font-variant-ligatures: normal; font-variant-caps: normal; font-weight: 400; text-indent: 0px;\"><b><span style=\"font-family: 'Century Gothic', sans-serif;\">Gestion de l\u2019environnement et s\u00e9curit\u00e9 du public<\/span><\/b><\/p>\n\n<ul style=\"margin-bottom: 0cm; color: #000000; font-size: medium; font-style: normal; font-variant-ligatures: normal; font-variant-caps: normal; font-weight: 400;\" type=\"disc\">\n \t<li class=\"MsoNormal\" style=\"margin: 0cm; font-size: 12pt; font-family: Calibri, sans-serif;\"><span style=\"font-size: 11pt; font-family: 'Century Gothic', sans-serif;\">S\u00e9curisation de chaque espace d\u2019exposition pour les animaux et les visiteurs.<\/span><\/li>\n \t<li class=\"MsoNormal\" style=\"margin: 0cm; font-size: 12pt; font-family: Calibri, sans-serif;\"><span style=\"font-size: 11pt; font-family: 'Century Gothic', sans-serif;\">Contr\u00f4le des temp\u00e9ratures, humidit\u00e9 et installations \u00e9lectriques pour pr\u00e9venir tout accident ou stress animal.<\/span><\/li>\n<\/ul>\t\t\t\t\t\t\t\t<\/div>\n\t\t\t\t<\/div>\n\t\t\t\t<div class=\"elementor-element elementor-element-752f920 elementor-widget elementor-widget-text-editor\" data-id=\"752f920\" data-element_type=\"widget\" data-e-type=\"widget\" data-widget_type=\"text-editor.default\">\n\t\t\t\t<div class=\"elementor-widget-container\">\n\t\t\t\t\t\t\t\t\t<p class=\"MsoNormal\" style=\"margin: 0cm; font-size: 12pt; font-family: Calibri, sans-serif; color: #000000; font-style: normal; font-variant-ligatures: normal; font-variant-caps: normal; font-weight: 400; text-indent: 0px;\"><span data-mce-type=\"bookmark\" style=\"display: inline-block; width: 0px; overflow: hidden; line-height: 0;\" class=\"mce_SELRES_start\">\ufeff<\/span><b><span style=\"font-family: 'Century Gothic', sans-serif;\">Durabilit\u00e9 et respect \u00e9cologique<\/span><\/b><\/p>\n\n<ul style=\"margin-bottom: 0cm; color: #000000; font-size: medium; font-style: normal; font-variant-ligatures: normal; font-variant-caps: normal; font-weight: 400;\" type=\"disc\">\n \t<li class=\"MsoNormal\" style=\"margin: 0cm; font-size: 12pt; font-family: Calibri, sans-serif;\"><span style=\"font-size: 11pt; font-family: 'Century Gothic', sans-serif;\">Limitation des d\u00e9chets et utilisation de mat\u00e9riaux responsables pour les stands et contenants.\n<li class=\"MsoNormal\" style=\"margin: 0cm; font-size: 12pt; font-family: Calibri, sans-serif;\"><span style=\"font-size: 11pt; font-family: 'Century Gothic', sans-serif;\">Sensibilisation du public \u00e0 la <strong>conservation des habitats naturels<\/strong> et \u00e0 la biodiversit\u00e9.<\/li><\/ul>\t\t\t\t\t\t\t\t<\/div>\n\t\t\t\t<\/div>\n\t\t\t\t<div class=\"elementor-element elementor-element-1459d76 elementor-widget elementor-widget-text-editor\" data-id=\"1459d76\" data-element_type=\"widget\" data-e-type=\"widget\" data-widget_type=\"text-editor.default\">\n\t\t\t\t<div class=\"elementor-widget-container\">\n\t\t\t\t\t\t\t\t\t<p class=\"MsoNormal\" style=\"margin: 0cm; font-size: 12pt; font-family: Calibri, sans-serif; color: #000000; font-style: normal; font-variant-ligatures: normal; font-variant-caps: normal; font-weight: 400; text-indent: 0px;\"><b><span style=\"font-family: 'Century Gothic', sans-serif;\">Formation et information des exposants<\/span><\/b><\/p><ul style=\"margin-bottom: 0cm; color: #000000; font-size: medium; font-style: normal; font-variant-ligatures: normal; font-variant-caps: normal; font-weight: 400;\" type=\"disc\"><li class=\"MsoNormal\" style=\"margin: 0cm; font-size: 12pt; font-family: Calibri, sans-serif;\"><span style=\"font-size: 11pt; font-family: 'Century Gothic', sans-serif;\">Tous les exposants re\u00e7oivent, en s&#8217;inscrivant, un r\u00e8glement technique coupl\u00e9 d&#8217;un <b>r\u00e8glement \u00e9thique<\/b> avant le salon.<\/span><\/li><li class=\"MsoNormal\" style=\"margin: 0cm; font-size: 12pt; font-family: Calibri, sans-serif;\"><span style=\"font-size: 11pt; font-family: 'Century Gothic', sans-serif;\">Ils s\u2019engagent \u00e0 appliquer strictement les bonnes pratiques de soins et de s\u00e9curit\u00e9.<\/span><\/li><\/ul>\t\t\t\t\t\t\t\t<\/div>\n\t\t\t\t<\/div>\n\t\t\t\t<div class=\"elementor-element elementor-element-3fdd1d1 elementor-widget elementor-widget-text-editor\" data-id=\"3fdd1d1\" data-element_type=\"widget\" data-e-type=\"widget\" data-widget_type=\"text-editor.default\">\n\t\t\t\t<div class=\"elementor-widget-container\">\n\t\t\t\t\t\t\t\t\t<p class=\"MsoNormal\" style=\"margin: 0cm; font-size: 12pt; font-family: Calibri, sans-serif; color: rgb(0, 0, 0); font-style: normal; font-variant-ligatures: normal; font-variant-caps: normal; font-weight: 400; text-indent: 0px;\"><b><span style=\"font-family: &quot;Century Gothic&quot;, sans-serif;\">Diffusion de connaissances scientifiques<o:p><\/o:p><\/span><\/b><\/p><ul type=\"disc\" style=\"margin-bottom: 0cm; color: rgb(0, 0, 0); font-size: medium; font-style: normal; font-variant-ligatures: normal; font-variant-caps: normal; font-weight: 400;\"><li class=\"MsoNormal\" style=\"margin: 0cm; font-size: 12pt; font-family: Calibri, sans-serif;\"><span style=\"font-size: 11pt; font-family: &quot;Century Gothic&quot;, sans-serif;\">Conf\u00e9rences, animations p\u00e9dagogiques et supports \u00e9crits pour expliquer la biologie, le comportement et les besoins r\u00e9els des reptiles.<o:p><\/o:p><\/span><\/li><li class=\"MsoNormal\" style=\"margin: 0cm; font-size: 12pt; font-family: Calibri, sans-serif;\"><span style=\"font-size: 11pt; font-family: &quot;Century Gothic&quot;, sans-serif;\">Permet au public de comprendre que le salon n\u2019est <b>pas une foire commerciale<\/b>, mais un lieu \u00e9ducatif et scientifique.<o:p><\/o:p><\/span><\/li><\/ul>\t\t\t\t\t\t\t\t<\/div>\n\t\t\t\t<\/div>\n\t\t\t\t<div class=\"elementor-element elementor-element-27849e8 elementor-widget elementor-widget-text-editor\" data-id=\"27849e8\" data-element_type=\"widget\" data-e-type=\"widget\" data-widget_type=\"text-editor.default\">\n\t\t\t\t<div class=\"elementor-widget-container\">\n\t\t\t\t\t\t\t\t\t<p class=\"MsoNormal\" style=\"margin: 0cm; font-size: 12pt; font-family: Calibri, sans-serif; color: rgb(0, 0, 0); font-style: normal; font-variant-ligatures: normal; font-variant-caps: normal; font-weight: 400; text-indent: 0px;\"><b><span style=\"font-family: &quot;Century Gothic&quot;, sans-serif;\">Transparence et responsabilit\u00e9<o:p><\/o:p><\/span><\/b><\/p><ul type=\"disc\" style=\"margin-bottom: 0cm; color: rgb(0, 0, 0); font-size: medium; font-style: normal; font-variant-ligatures: normal; font-variant-caps: normal; font-weight: 400;\"><li class=\"MsoNormal\" style=\"margin: 0cm; font-size: 12pt; font-family: Calibri, sans-serif;\"><span style=\"font-size: 11pt; font-family: &quot;Century Gothic&quot;, sans-serif;\">Registre officiel de tous les animaux, disponible si n\u00e9cessaire.<o:p><\/o:p><\/span><\/li><li class=\"MsoNormal\" style=\"margin: 0cm; font-size: 12pt; font-family: Calibri, sans-serif;\"><span style=\"font-size: 11pt; font-family: &quot;Century Gothic&quot;, sans-serif;\">\u00c9quipe disponible pour r\u00e9pondre aux questions des visiteurs, assurer la tra\u00e7abilit\u00e9 et la s\u00e9curit\u00e9 de tous.<o:p><\/o:p><\/span><\/li><\/ul>\t\t\t\t\t\t\t\t<\/div>\n\t\t\t\t<\/div>\n\t\t\t\t<div class=\"elementor-element elementor-element-42e1442 elementor-widget elementor-widget-text-editor\" data-id=\"42e1442\" data-element_type=\"widget\" data-e-type=\"widget\" data-widget_type=\"text-editor.default\">\n\t\t\t\t<div class=\"elementor-widget-container\">\n\t\t\t\t\t\t\t\t\t<p class=\"MsoNormal\" style=\"margin: 0cm; font-size: 12pt; font-family: Calibri, sans-serif; color: #000000; font-style: normal; font-variant-ligatures: normal; font-variant-caps: normal; font-weight: 400; text-indent: 0px;\"><b><span style=\"font-size: 16pt; font-family: 'Century Gothic', sans-serif;\">Notre mission<\/span><\/b><\/p><ul style=\"margin-bottom: 0cm; color: #000000; font-size: medium; font-style: normal; font-variant-ligatures: normal; font-variant-caps: normal; font-weight: 400;\" type=\"disc\"><li class=\"MsoNormal\" style=\"margin: 0cm; font-size: 12pt; font-family: Calibri, sans-serif;\"><span style=\"font-size: 11pt; font-family: 'Century Gothic', sans-serif;\">Faire d\u00e9couvrir la diversit\u00e9 du monde,<\/span><\/li><li class=\"MsoNormal\" style=\"margin: 0cm; font-size: 12pt; font-family: Calibri, sans-serif;\"><span style=\"font-size: 11pt; font-family: 'Century Gothic', sans-serif;\">Montrer qu\u2019une terrariophilie <b>\u00e9thique et encadr\u00e9e<\/b> est possible,<\/span><\/li><li class=\"MsoNormal\" style=\"margin: 0cm; font-size: 12pt; font-family: Calibri, sans-serif;\"><span style=\"font-size: 11pt; font-family: 'Century Gothic', sans-serif;\">Pr\u00e9venir le braconnage et lutter contre les trafics ill\u00e9gaux,<\/span><\/li><li class=\"MsoNormal\" style=\"margin: 0cm; font-size: 12pt; font-family: Calibri, sans-serif;\"><span style=\"font-size: 11pt; font-family: 'Century Gothic', sans-serif;\">Transmettre au public notre <b>passion, notre savoir et notre amour de la nature<\/b>,<\/span><\/li><li class=\"MsoNormal\" style=\"margin: 0cm; font-size: 12pt; font-family: Calibri, sans-serif;\"><span style=\"font-size: 11pt; font-family: 'Century Gothic', sans-serif;\">Poser un cadre strict pour que l\u2019adoption ou la d\u00e9couverte des reptiles se fasse dans <b>le respect absolu des animaux et des r\u00e9glementations<\/b>.<\/span><\/li><\/ul>\t\t\t\t\t\t\t\t<\/div>\n\t\t\t\t<\/div>\n\t\t\t\t\t<\/div>\n\t\t\t\t<\/div>\n\t\t\t\t<\/div>\n\t\t","protected":false},"excerpt":{"rendered":"<p>Charte \u00c9thique Aux Reptiliades, le bien-\u00eatre animal, le respect de &hellip;<\/p>\n","protected":false},"author":1,"featured_media":1503,"parent":0,"menu_order":11,"comment_status":"closed","ping_status":"closed","template":"","meta":{"om_disable_all_campaigns":false,"_monsterinsights_skip_tracking":false,"_monsterinsights_sitenote_active":false,"_monsterinsights_sitenote_note":"","_monsterinsights_sitenote_category":0,"_uf_show_specific_survey":0,"_uf_disable_surveys":false,"footnotes":""},"class_list":["post-1487","page","type-page","status-publish","has-post-thumbnail","hentry"],"aioseo_notices":[],"_links":{"self":[{"href":"https:\/\/expoanimo.fr\/index.php?rest_route=\/wp\/v2\/pages\/1487","targetHints":{"allow":["GET"]}}],"collection":[{"href":"https:\/\/expoanimo.fr\/index.php?rest_route=\/wp\/v2\/pages"}],"about":[{"href":"https:\/\/expoanimo.fr\/index.php?rest_route=\/wp\/v2\/types\/page"}],"author":[{"embeddable":true,"href":"https:\/\/expoanimo.fr\/index.php?rest_route=\/wp\/v2\/users\/1"}],"replies":[{"embeddable":true,"href":"https:\/\/expoanimo.fr\/index.php?rest_route=%2Fwp%2Fv2%2Fcomments&post=1487"}],"version-history":[{"count":32,"href":"https:\/\/expoanimo.fr\/index.php?rest_route=\/wp\/v2\/pages\/1487\/revisions"}],"predecessor-version":[{"id":1648,"href":"https:\/\/expoanimo.fr\/index.php?rest_route=\/wp\/v2\/pages\/1487\/revisions\/1648"}],"wp:featuredmedia":[{"embeddable":true,"href":"https:\/\/expoanimo.fr\/index.php?rest_route=\/wp\/v2\/media\/1503"}],"wp:attachment":[{"href":"https:\/\/expoanimo.fr\/index.php?rest_route=%2Fwp%2Fv2%2Fmedia&parent=1487"}],"curies":[{"name":"wp","href":"https:\/\/api.w.org\/{rel}","templated":true}]}}